{"id":7914,"date":"2024-08-16T23:38:20","date_gmt":"2024-08-16T23:38:20","guid":{"rendered":"https:\/\/tlap-sports.com\/en\/?page_id=7914"},"modified":"2024-08-18T13:31:04","modified_gmt":"2024-08-18T13:31:04","slug":"nfl-kaderkurzungen","status":"publish","type":"page","link":"https:\/\/tlap-sports.com\/en\/nfl-kaderkurzungen\/","title":{"rendered":"NFL Kaderk\u00fcrzungen"},"content":{"rendered":"\n<div style=\"height:30px\" aria-hidden=\"true\" class=\"wp-block-spacer\"><\/div>\n\n\n\n<h1 class=\"wp-block-heading has-text-align-center\"><strong>NFL Kaderk\u00fcrzungen<\/strong><\/h1>\n\n\n\n<p><a href=\"https:\/\/tlap-sports.com\/en\/nfl-roster-cuts\/\">English<\/a>\/<a href=\"https:\/\/tlap-sports.com\/en\/nfl-kaderkurzungen\/\">Deutsch<\/a><\/p>\n\n\n\n<p><strong><a href=\"https:\/\/tlap-sports.com\/en\/american-football-blog\/\" target=\"_blank\" rel=\"noreferrer noopener\">Alle TLAP Blog Beitr\u00e4ge<\/a><\/strong><\/p>\n\n\n\n<div style=\"height:30px\" aria-hidden=\"true\" class=\"wp-block-spacer\"><\/div>\n\n\n\n<h2 class=\"wp-block-heading has-text-align-center\">Was die NFL Kaderk\u00fcrzungen f\u00fcr Spieler und Teams bedeuten<\/h2>\n\n\n\n<p>Die NFL-Kaderk\u00fcrzungen sind ein entscheidender Moment im Kalender der Liga, an dem die Teams ihre 53-k\u00f6pfigen Kader (von 90 Spielern in der Off-Season) f\u00fcr die regul\u00e4re Saison endg\u00fcltig festlegen. Dieser Tag f\u00e4llt auf das Ende der Preseason, normalerweise Ende August oder Anfang September. In diesem Jahr m\u00fcssen die Spielerlisten bis zum 27. August 2024 fertiggestellt sein. Es ist ein Tag voller Anspannung und Stress, da die Zukunft vieler Spieler in der Liga noch ungewiss ist.<\/p>\n\n\n\n<p>Am \u201eCut\u201c-Tag m\u00fcssen die NFL-Teams ihre Kader von 90 Spielern (dem Offseason-Limit) auf 53 reduzieren. Dies bedeutet, dass Hunderte von Spielern an einem einzigen Tag entlassen werden. Es gibt 3 Arten von Roster Cuts:<\/p>\n\n\n\n<ul class=\"wp-block-list\">\n<li><strong>Veteranen-Cut: <\/strong>Hierbei werden erfahrenere Spieler entlassen. Die Entlassung erfolgt h\u00e4ufig aus Leistungsgr\u00fcnden, aus Gr\u00fcnden der Gehaltsobergrenze oder aufgrund j\u00fcngerer Talente.<\/li>\n\n\n\n<li><strong>Waiver Cuts:<\/strong> J\u00fcngere Spieler mit weniger als vier Dienstjahren unterliegen der Verzichtserkl\u00e4rung. Das bedeutet, dass andere Teams sie f\u00fcr sich beanspruchen k\u00f6nnen, bevor sie zu freien Spielern werden.<\/li>\n\n\n\n<li><strong>Abfindungen bei Verletzungen:<\/strong> Spieler, die sich w\u00e4hrend der Vorsaison verletzen, k\u00f6nnen sich mit dem Team einigen und gegen eine finanzielle Entsch\u00e4digung entlassen werden.<\/li>\n<\/ul>\n\n\n\n<p>In der Regel setzt sich ein Trainer oder ein Mitglied des Front Office mit den Spielern in Verbindung, die entlassen werden sollen, und weist sie an, ihr Spielbuch mitzubringen, das normalerweise auf einem iPad gespeichert ist. Der Spieler hat dann ein kurzes Gespr\u00e4ch mit dem Cheftrainer, in dem er die Entlassung erkl\u00e4rt, gefolgt von Gespr\u00e4chen mit dem restlichen Trainerstab und der Verabschiedung.<\/p>\n\n\n\n<p>Eine Entlassung bedeutet nicht immer das Ende der NFL-Reise eines Spielers. Eine Entlassung kann zwar ein R\u00fcckschlag sein, er\u00f6ffnet aber oft auch neue M\u00f6glichkeiten f\u00fcr andere Teams, die entlassene Spieler, die ihren Bed\u00fcrfnissen entsprechen, unter Vertrag nehmen oder sie in den Trainingskader aufnehmen k\u00f6nnen.<\/p>\n\n\n\n<h3 class=\"wp-block-heading\">Trainingskader(practice squad) nach dem Cut<\/h3>\n\n\n\n<p>Nach dem Cut Day k\u00f6nnen die Teams bis zu 16 Spieler in ihre Practice Squads aufnehmen. Diese Spieler geh\u00f6ren nicht zum aktiven Kader. Sie trainieren aber mit dem Team und k\u00f6nnen bei Bedarf w\u00e4hrend der Saison in den Hauptkader bef\u00f6rdert werden. Der Trainingskader ist ein wichtiges Instrument f\u00fcr die Entwicklung der Spieler. Er bietet j\u00fcngeren oder weniger erfahrenen Spielern die M\u00f6glichkeit, ihre F\u00e4higkeiten weiter zu verbessern. Dies kann dazu f\u00fchren, dass sie einen Platz im aktiven Kader erhalten. W\u00e4hrend der Saison spielt der Trainingskader die Rolle des Scout-Teams. Sie simulieren die Spielz\u00fcge des gegnerischen Teams, um die Stammspieler auf das Spiel in dieser Woche vorzubereiten.<\/p>\n\n\n\n<p>F\u00fcr die Teams geht es am Cut Day darum, Talent, Tiefe und Gehaltsobergrenzen abzuw\u00e4gen. Trainer und General Manager m\u00fcssen schwierige Entscheidungen treffen und sich oft von Spielern trennen, mit denen sie w\u00e4hrend der Offseason eng zusammengearbeitet haben. Das Ziel ist es, einen Kader zusammenzustellen, der auf h\u00f6chstem Niveau konkurrenzf\u00e4hig ist, und gleichzeitig Flexibilit\u00e4t f\u00fcr Verletzungen oder strategische Anpassungen zu bewahren.<\/p>\n\n\n\n<p>Die Kaderzusammenlegung in der NFL ist ein entscheidender Moment, der die kommende Saison pr\u00e4gt. F\u00fcr die Spieler ist es ein Tag der Ungewissheit, aber auch ein Tag der Chancen. F\u00fcr die Teams geht es darum, die letzten Entscheidungen zu treffen, die \u00fcber Erfolg oder Misserfolg der Saison entscheiden k\u00f6nnen. Eagl, ob sich die Spieler in einem neuen Team wiederfinden, in der Practice Squad unter Vertrag stehen oder auf ihre n\u00e4chste Chance warten, dieser Tag ist ein entscheidender Moment in ihrer Karriere.<\/p>\n\n\n\n<p>&nbsp;&nbsp;<\/p>\n\n\n\n<div style=\"height:30px\" aria-hidden=\"true\" class=\"wp-block-spacer\"><\/div>\n\n\n\n<figure class=\"wp-block-image size-large is-resized\"><a href=\"https:\/\/tlap-sports.com\/en\/american-football-blog\/\"><img loading=\"lazy\" decoding=\"async\" width=\"1024\" height=\"860\" src=\"https:\/\/tlap-sports.com\/en\/wp-content\/uploads\/sites\/3\/2022\/10\/T-LAP_LOGO_BLACK_RED_BIG_BLOG-1024x860.png\" alt=\"LOGO_Black_Red\" class=\"wp-image-5771\" style=\"width:256px;height:215px\" title=\"TLAP logo\" srcset=\"https:\/\/tlap-sports.com\/en\/wp-content\/uploads\/sites\/3\/2022\/10\/T-LAP_LOGO_BLACK_RED_BIG_BLOG-1024x860.png 1024w, https:\/\/tlap-sports.com\/en\/wp-content\/uploads\/sites\/3\/2022\/10\/T-LAP_LOGO_BLACK_RED_BIG_BLOG-300x252.png 300w, https:\/\/tlap-sports.com\/en\/wp-content\/uploads\/sites\/3\/2022\/10\/T-LAP_LOGO_BLACK_RED_BIG_BLOG-768x645.png 768w, https:\/\/tlap-sports.com\/en\/wp-content\/uploads\/sites\/3\/2022\/10\/T-LAP_LOGO_BLACK_RED_BIG_BLOG-1536x1291.png 1536w, https:\/\/tlap-sports.com\/en\/wp-content\/uploads\/sites\/3\/2022\/10\/T-LAP_LOGO_BLACK_RED_BIG_BLOG-2048x1721.png 2048w, https:\/\/tlap-sports.com\/en\/wp-content\/uploads\/sites\/3\/2022\/10\/T-LAP_LOGO_BLACK_RED_BIG_BLOG-200x168.png 200w, https:\/\/tlap-sports.com\/en\/wp-content\/uploads\/sites\/3\/2022\/10\/T-LAP_LOGO_BLACK_RED_BIG_BLOG-400x336.png 400w\" sizes=\"auto, (max-width: 1024px) 100vw, 1024px\" \/><\/a><\/figure>\n\n\n\n<div style=\"height:60px\" aria-hidden=\"true\" class=\"wp-block-spacer\"><\/div>\n","protected":false},"excerpt":{"rendered":"<p>NFL Kaderk\u00fcrzungen English\/Deutsch Alle TLAP Blog Beitr\u00e4ge Was die NFL Kaderk\u00fcrzungen f\u00fcr Spieler und Teams bedeuten Die NFL-Kaderk\u00fcrzungen sind ein entscheidender Moment im Kalender der Liga, an dem die Teams ihre 53-k\u00f6pfigen Kader (von 90 Spielern in der Off-Season) f\u00fcr die regul\u00e4re Saison endg\u00fcltig festlegen. Dieser Tag f\u00e4llt auf das Ende der Preseason, normalerweise Ende &hellip;<\/p>\n<p class=\"read-more\"> <a class=\"\" href=\"https:\/\/tlap-sports.com\/en\/nfl-kaderkurzungen\/\"> <span class=\"screen-reader-text\">NFL Kaderk\u00fcrzungen<\/span> Read More &raquo;<\/a><\/p>\n","protected":false},"author":1,"featured_media":0,"parent":0,"menu_order":0,"comment_status":"closed","ping_status":"closed","template":"","meta":{"prwc_products":"","prwc_not_all_products_required":false,"prwc_not_bought_page":"","prwc_redirect_not_bought":false,"prwc_not_logged_in_page":"","prwc_redirect_not_logged_in":false,"prwc_timeout_days":0,"prwc_timeout_hours":0,"prwc_timeout_minutes":0,"prwc_timeout_seconds":0,"prwc_timeout_views":0,"pmpro_default_level":"","site-sidebar-layout":"default","site-content-layout":"default","ast-global-header-display":"","ast-banner-title-visibility":"","ast-main-header-display":"","ast-hfb-above-header-display":"","ast-hfb-below-header-display":"","ast-hfb-mobile-header-display":"","site-post-title":"","ast-breadcrumbs-content":"","ast-featured-img":"","footer-sml-layout":"","theme-transparent-header-meta":"","adv-header-id-meta":"","stick-header-meta":"","header-above-stick-meta":"","header-main-stick-meta":"","header-below-stick-meta":"","footnotes":""},"class_list":["post-7914","page","type-page","status-publish","hentry","pmpro-has-access"],"yoast_head":"<!-- This site is optimized with the Yoast SEO plugin v26.6 - https:\/\/yoast.com\/wordpress\/plugins\/seo\/ -->\n<title>NFL Kaderk\u00fcrzungen - TLAP Sports english<\/title>\n<meta name=\"description\" content=\"Dieser Post gibt eine \u00dcbersicht \u00fcber die NFL Kaderk\u00fcrzungen die jedes Jahr stattfinden. Au\u00dferdem gibt es Infos zum practice squad.\" \/>\n<meta name=\"robots\" content=\"index, follow, max-snippet:-1, max-image-preview:large, max-video-preview:-1\" \/>\n<link rel=\"canonical\" href=\"https:\/\/tlap-sports.com\/en\/nfl-kaderkurzungen\/\" \/>\n<meta property=\"og:locale\" content=\"en_US\" \/>\n<meta property=\"og:type\" content=\"article\" \/>\n<meta property=\"og:title\" content=\"NFL Kaderk\u00fcrzungen - TLAP Sports english\" \/>\n<meta property=\"og:description\" content=\"Dieser Post gibt eine \u00dcbersicht \u00fcber die NFL Kaderk\u00fcrzungen die jedes Jahr stattfinden. Au\u00dferdem gibt es Infos zum practice squad.\" \/>\n<meta property=\"og:url\" content=\"https:\/\/tlap-sports.com\/en\/nfl-kaderkurzungen\/\" \/>\n<meta property=\"og:site_name\" content=\"TLAP Sports english\" \/>\n<meta property=\"article:modified_time\" content=\"2024-08-18T13:31:04+00:00\" \/>\n<meta property=\"og:image\" content=\"https:\/\/tlap-sports.com\/en\/wp-content\/uploads\/sites\/3\/2022\/10\/T-LAP_LOGO_BLACK_RED_BIG_BLOG-1024x860.png\" \/>\n<meta name=\"twitter:card\" content=\"summary_large_image\" \/>\n<meta name=\"twitter:label1\" content=\"Est. reading time\" \/>\n\t<meta name=\"twitter:data1\" content=\"3 minutes\" \/>\n<script type=\"application\/ld+json\" class=\"yoast-schema-graph\">{\"@context\":\"https:\/\/schema.org\",\"@graph\":[{\"@type\":\"WebPage\",\"@id\":\"https:\/\/tlap-sports.com\/en\/nfl-kaderkurzungen\/\",\"url\":\"https:\/\/tlap-sports.com\/en\/nfl-kaderkurzungen\/\",\"name\":\"NFL Kaderk\u00fcrzungen - TLAP Sports english\",\"isPartOf\":{\"@id\":\"https:\/\/tlap-sports.com\/en\/#website\"},\"primaryImageOfPage\":{\"@id\":\"https:\/\/tlap-sports.com\/en\/nfl-kaderkurzungen\/#primaryimage\"},\"image\":{\"@id\":\"https:\/\/tlap-sports.com\/en\/nfl-kaderkurzungen\/#primaryimage\"},\"thumbnailUrl\":\"https:\/\/tlap-sports.com\/en\/wp-content\/uploads\/sites\/3\/2022\/10\/T-LAP_LOGO_BLACK_RED_BIG_BLOG-1024x860.png\",\"datePublished\":\"2024-08-16T23:38:20+00:00\",\"dateModified\":\"2024-08-18T13:31:04+00:00\",\"description\":\"Dieser Post gibt eine \u00dcbersicht \u00fcber die NFL Kaderk\u00fcrzungen die jedes Jahr stattfinden. Au\u00dferdem gibt es Infos zum practice squad.\",\"breadcrumb\":{\"@id\":\"https:\/\/tlap-sports.com\/en\/nfl-kaderkurzungen\/#breadcrumb\"},\"inLanguage\":\"en-US\",\"potentialAction\":[{\"@type\":\"ReadAction\",\"target\":[\"https:\/\/tlap-sports.com\/en\/nfl-kaderkurzungen\/\"]}]},{\"@type\":\"ImageObject\",\"inLanguage\":\"en-US\",\"@id\":\"https:\/\/tlap-sports.com\/en\/nfl-kaderkurzungen\/#primaryimage\",\"url\":\"https:\/\/tlap-sports.com\/en\/wp-content\/uploads\/sites\/3\/2022\/10\/T-LAP_LOGO_BLACK_RED_BIG_BLOG.png\",\"contentUrl\":\"https:\/\/tlap-sports.com\/en\/wp-content\/uploads\/sites\/3\/2022\/10\/T-LAP_LOGO_BLACK_RED_BIG_BLOG.png\",\"width\":2491,\"height\":2093,\"caption\":\"LOGO_Black_Red\"},{\"@type\":\"BreadcrumbList\",\"@id\":\"https:\/\/tlap-sports.com\/en\/nfl-kaderkurzungen\/#breadcrumb\",\"itemListElement\":[{\"@type\":\"ListItem\",\"position\":1,\"name\":\"Home\",\"item\":\"https:\/\/tlap-sports.com\/en\/\"},{\"@type\":\"ListItem\",\"position\":2,\"name\":\"NFL Kaderk\u00fcrzungen\"}]},{\"@type\":\"WebSite\",\"@id\":\"https:\/\/tlap-sports.com\/en\/#website\",\"url\":\"https:\/\/tlap-sports.com\/en\/\",\"name\":\"TLAP Sports english\",\"description\":\"Train like a pro no matter what background and resources you have\",\"publisher\":{\"@id\":\"https:\/\/tlap-sports.com\/en\/#organization\"},\"potentialAction\":[{\"@type\":\"SearchAction\",\"target\":{\"@type\":\"EntryPoint\",\"urlTemplate\":\"https:\/\/tlap-sports.com\/en\/?s={search_term_string}\"},\"query-input\":{\"@type\":\"PropertyValueSpecification\",\"valueRequired\":true,\"valueName\":\"search_term_string\"}}],\"inLanguage\":\"en-US\"},{\"@type\":\"Organization\",\"@id\":\"https:\/\/tlap-sports.com\/en\/#organization\",\"name\":\"TLAP Sports english\",\"url\":\"https:\/\/tlap-sports.com\/en\/\",\"logo\":{\"@type\":\"ImageObject\",\"inLanguage\":\"en-US\",\"@id\":\"https:\/\/tlap-sports.com\/en\/#\/schema\/logo\/image\/\",\"url\":\"https:\/\/tlap-sports.com\/en\/wp-content\/uploads\/sites\/3\/2025\/09\/cropped-logo-tlap-sports-white-red.png\",\"contentUrl\":\"https:\/\/tlap-sports.com\/en\/wp-content\/uploads\/sites\/3\/2025\/09\/cropped-logo-tlap-sports-white-red.png\",\"width\":\"1331\",\"height\":\"1420\",\"caption\":\"TLAP Sports english\"},\"image\":{\"@id\":\"https:\/\/tlap-sports.com\/en\/#\/schema\/logo\/image\/\"}}]}<\/script>\n<!-- \/ Yoast SEO plugin. -->","yoast_head_json":{"title":"NFL Kaderk\u00fcrzungen - TLAP Sports english","description":"Dieser Post gibt eine \u00dcbersicht \u00fcber die NFL Kaderk\u00fcrzungen die jedes Jahr stattfinden. Au\u00dferdem gibt es Infos zum practice squad.","robots":{"index":"index","follow":"follow","max-snippet":"max-snippet:-1","max-image-preview":"max-image-preview:large","max-video-preview":"max-video-preview:-1"},"canonical":"https:\/\/tlap-sports.com\/en\/nfl-kaderkurzungen\/","og_locale":"en_US","og_type":"article","og_title":"NFL Kaderk\u00fcrzungen - TLAP Sports english","og_description":"Dieser Post gibt eine \u00dcbersicht \u00fcber die NFL Kaderk\u00fcrzungen die jedes Jahr stattfinden. Au\u00dferdem gibt es Infos zum practice squad.","og_url":"https:\/\/tlap-sports.com\/en\/nfl-kaderkurzungen\/","og_site_name":"TLAP Sports english","article_modified_time":"2024-08-18T13:31:04+00:00","og_image":[{"url":"https:\/\/tlap-sports.com\/en\/wp-content\/uploads\/sites\/3\/2022\/10\/T-LAP_LOGO_BLACK_RED_BIG_BLOG-1024x860.png","type":"","width":"","height":""}],"twitter_card":"summary_large_image","twitter_misc":{"Est. reading time":"3 minutes"},"schema":{"@context":"https:\/\/schema.org","@graph":[{"@type":"WebPage","@id":"https:\/\/tlap-sports.com\/en\/nfl-kaderkurzungen\/","url":"https:\/\/tlap-sports.com\/en\/nfl-kaderkurzungen\/","name":"NFL Kaderk\u00fcrzungen - TLAP Sports english","isPartOf":{"@id":"https:\/\/tlap-sports.com\/en\/#website"},"primaryImageOfPage":{"@id":"https:\/\/tlap-sports.com\/en\/nfl-kaderkurzungen\/#primaryimage"},"image":{"@id":"https:\/\/tlap-sports.com\/en\/nfl-kaderkurzungen\/#primaryimage"},"thumbnailUrl":"https:\/\/tlap-sports.com\/en\/wp-content\/uploads\/sites\/3\/2022\/10\/T-LAP_LOGO_BLACK_RED_BIG_BLOG-1024x860.png","datePublished":"2024-08-16T23:38:20+00:00","dateModified":"2024-08-18T13:31:04+00:00","description":"Dieser Post gibt eine \u00dcbersicht \u00fcber die NFL Kaderk\u00fcrzungen die jedes Jahr stattfinden. Au\u00dferdem gibt es Infos zum practice squad.","breadcrumb":{"@id":"https:\/\/tlap-sports.com\/en\/nfl-kaderkurzungen\/#breadcrumb"},"inLanguage":"en-US","potentialAction":[{"@type":"ReadAction","target":["https:\/\/tlap-sports.com\/en\/nfl-kaderkurzungen\/"]}]},{"@type":"ImageObject","inLanguage":"en-US","@id":"https:\/\/tlap-sports.com\/en\/nfl-kaderkurzungen\/#primaryimage","url":"https:\/\/tlap-sports.com\/en\/wp-content\/uploads\/sites\/3\/2022\/10\/T-LAP_LOGO_BLACK_RED_BIG_BLOG.png","contentUrl":"https:\/\/tlap-sports.com\/en\/wp-content\/uploads\/sites\/3\/2022\/10\/T-LAP_LOGO_BLACK_RED_BIG_BLOG.png","width":2491,"height":2093,"caption":"LOGO_Black_Red"},{"@type":"BreadcrumbList","@id":"https:\/\/tlap-sports.com\/en\/nfl-kaderkurzungen\/#breadcrumb","itemListElement":[{"@type":"ListItem","position":1,"name":"Home","item":"https:\/\/tlap-sports.com\/en\/"},{"@type":"ListItem","position":2,"name":"NFL Kaderk\u00fcrzungen"}]},{"@type":"WebSite","@id":"https:\/\/tlap-sports.com\/en\/#website","url":"https:\/\/tlap-sports.com\/en\/","name":"TLAP Sports english","description":"Train like a pro no matter what background and resources you have","publisher":{"@id":"https:\/\/tlap-sports.com\/en\/#organization"},"potentialAction":[{"@type":"SearchAction","target":{"@type":"EntryPoint","urlTemplate":"https:\/\/tlap-sports.com\/en\/?s={search_term_string}"},"query-input":{"@type":"PropertyValueSpecification","valueRequired":true,"valueName":"search_term_string"}}],"inLanguage":"en-US"},{"@type":"Organization","@id":"https:\/\/tlap-sports.com\/en\/#organization","name":"TLAP Sports english","url":"https:\/\/tlap-sports.com\/en\/","logo":{"@type":"ImageObject","inLanguage":"en-US","@id":"https:\/\/tlap-sports.com\/en\/#\/schema\/logo\/image\/","url":"https:\/\/tlap-sports.com\/en\/wp-content\/uploads\/sites\/3\/2025\/09\/cropped-logo-tlap-sports-white-red.png","contentUrl":"https:\/\/tlap-sports.com\/en\/wp-content\/uploads\/sites\/3\/2025\/09\/cropped-logo-tlap-sports-white-red.png","width":"1331","height":"1420","caption":"TLAP Sports english"},"image":{"@id":"https:\/\/tlap-sports.com\/en\/#\/schema\/logo\/image\/"}}]}},"_links":{"self":[{"href":"https:\/\/tlap-sports.com\/en\/wp-json\/wp\/v2\/pages\/7914","targetHints":{"allow":["GET"]}}],"collection":[{"href":"https:\/\/tlap-sports.com\/en\/wp-json\/wp\/v2\/pages"}],"about":[{"href":"https:\/\/tlap-sports.com\/en\/wp-json\/wp\/v2\/types\/page"}],"author":[{"embeddable":true,"href":"https:\/\/tlap-sports.com\/en\/wp-json\/wp\/v2\/users\/1"}],"replies":[{"embeddable":true,"href":"https:\/\/tlap-sports.com\/en\/wp-json\/wp\/v2\/comments?post=7914"}],"version-history":[{"count":3,"href":"https:\/\/tlap-sports.com\/en\/wp-json\/wp\/v2\/pages\/7914\/revisions"}],"predecessor-version":[{"id":7943,"href":"https:\/\/tlap-sports.com\/en\/wp-json\/wp\/v2\/pages\/7914\/revisions\/7943"}],"wp:attachment":[{"href":"https:\/\/tlap-sports.com\/en\/wp-json\/wp\/v2\/media?parent=7914"}],"curies":[{"name":"wp","href":"https:\/\/api.w.org\/{rel}","templated":true}]}}