{"id":6325,"date":"2023-03-02T18:29:03","date_gmt":"2023-03-02T18:29:03","guid":{"rendered":"https:\/\/tlap-sports.com\/en\/?page_id=6325"},"modified":"2024-08-18T13:30:41","modified_gmt":"2024-08-18T13:30:41","slug":"nfl-scouting-combine-2023","status":"publish","type":"page","link":"https:\/\/tlap-sports.com\/en\/nfl-scouting-combine-2023\/","title":{"rendered":"NFL scouting combine 2023"},"content":{"rendered":"\n<div style=\"height:30px\" aria-hidden=\"true\" class=\"wp-block-spacer\"><\/div>\n\n\n\n<h1 class=\"wp-block-heading\">NFL scouting combine <\/h1>\n\n\n\n<p><a href=\"https:\/\/tlap-sports.com\/en\/nfl-scouting-combine\/\">English<\/a>\/<a href=\"https:\/\/tlap-sports.com\/en\/nfl-scouting-combine-2023\/\">Deutsch<\/a><\/p>\n\n\n\n<p><strong><a href=\"https:\/\/tlap-sports.com\/en\/american-football-blog\/\" target=\"_blank\" rel=\"noreferrer noopener\">Alle TLAP Blog Beitr\u00e4ge<\/a><\/strong><\/p>\n\n\n\n<div style=\"height:30px\" aria-hidden=\"true\" class=\"wp-block-spacer\"><\/div>\n\n\n\n<p>Das NFL Scouting Combine ist eine Veranstaltung, bei der die besten College-Footballspieler ihre F\u00e4higkeiten und Fertigkeiten vor NFL-Trainern, Scouts und F\u00fchrungskr\u00e4ften pr\u00e4sentieren. Die Veranstaltung dauert sechs Tage und umfasst eine Reihe von physischen und mentalen Tests wie den 40-Yard-Dash, Vertikalsprung, Weitsprung, 3-Cone-Drill, Shuttle Run, Bankdr\u00fccken und medizinische Untersuchungen. Die Tests sollen die Athletik, die Schnelligkeit, die Kraft, die mentale Eignung und den Gesundheitszustand des Spielers bewerten. Der Wonderlic-Test ist einer der mentalen Tests, der die Probleml\u00f6sungs- und Entscheidungsf\u00e4higkeiten eines Spielers misst. Das NFL Scouting Combine ist f\u00fcr die NFL-Teams von entscheidender Bedeutung, da es wertvolle Informationen \u00fcber die besten College-Spieler liefert, die einen gro\u00dfen Einfluss auf deren Draft Stock und Profikarriere haben k\u00f6nnen. Die Veranstaltung bietet auch den Fans einen fr\u00fchen Blick auf potenzielle Spieler, die im kommenden NFL-Draft f\u00fcr ihr Lieblingsteam auflaufen werden.<\/p>\n\n\n\n<h2 class=\"wp-block-heading\">40 yard dash<\/h2>\n\n\n\n<p>Der 40-Yard-Dash ist ein Test, der die Geschwindigkeit und Beschleunigung eines Footballspielers \u00fcber eine Strecke von 40 Yards (36,6 Meter) misst. Er ist der beliebteste Test beim NFL Scouting Combine, da er wertvolle Informationen \u00fcber die Explosivit\u00e4t, Beschleunigung und Endgeschwindigkeit eines Spielers liefert.<\/p>\n\n\n\n<p>Der Spieler startet aus dem Stand und sprintet so schnell wie m\u00f6glich 40 Yards weit. Die Zeit beginnt mit der ersten Bewegung des Sportlers und stoppt, sobald er die Ziellinie \u00fcberquert. (<a href=\"https:\/\/www.youtube.com\/watch?v=04qabU6DsZI\" target=\"_blank\" rel=\"noreferrer noopener\">Video<\/a>)<\/p>\n\n\n\n<p>Die drei schnellsten 40-Yard-Dash-Zeiten, die jemals beim NFL Scouting Combine gemessen wurden, sind:<\/p>\n\n\n\n<ol class=\"wp-block-list\">\n<li>John Ross, WR, Washington: 4.22 seconds (2017)<\/li>\n\n\n\n<li>Chris Johnson, RB, East Carolina: 4.24 seconds (2008)<\/li>\n\n\n\n<li>Rondel Menendez, WR, Eastern Kentucky: 4.24 seconds (1999)<\/li>\n<\/ol>\n\n\n\n<p>Moritz: 4.41 seconds<\/p>\n\n\n\n<p> Es gibt viele Faktoren, die sich auf die 40-Yard-Laufzeit eines Spielers auswirken k\u00f6nnen, z. B. seine Gr\u00f6\u00dfe, sein Gewicht, seine Technik und der Untergrund, auf dem er l\u00e4uft. Dennoch bleibt der 40-Yard-Lauf eine wichtige Kennzahl f\u00fcr die Bewertung der Geschwindigkeit und Explosivit\u00e4t eines Spielers. Du kannst deine 40-Yard-Zeit mit dem <a href=\"https:\/\/tlap-sports.com\/en\/product\/run-faster-plan-athlete\/\">Run faster Plan<\/a> verbessern.<\/p>\n\n\n\n<h2 class=\"wp-block-heading\">3 cone drill<\/h2>\n\n\n\n<p>Der 3-Cone-Drill, auch als L-Drill bekannt, ist ein Beweglichkeitstest, der die F\u00e4higkeit eines Spielers misst, schnell und effizient die Richtung zu wechseln. Er liefert Informationen \u00fcber die laterale Beweglichkeit, die Beschleunigung und die K\u00f6rperbeherrschung eines Spielers.<\/p>\n\n\n\n<p>Bei der \u00dcbung werden drei H\u00fctchen in L-Form aufgestellt, um die der Spieler nach einem bestimmten Muster sprintet. Der Spieler beginnt am ersten H\u00fctchen, sprintet f\u00fcnf Meter zum zweiten H\u00fctchen, \u00e4ndert die Richtung und sprintet um dieses herum, l\u00e4uft dann zur\u00fcck zum ersten H\u00fctchen, \u00e4ndert erneut die Richtung und uml\u00e4uft das dritte H\u00fctchen. Der Spieler sprintet dann zur\u00fcck durch das zweite H\u00fctchen und beendet den Lauf am Starth\u00fctchen. Die Zeit beginnt mit der ersten Bewegung des Sportlers und stoppt, sobald er die Ziellinie \u00fcberquert hat. (<a href=\"https:\/\/www.youtube.com\/watch?v=OmvERmXLlmU\" target=\"_blank\" rel=\"noreferrer noopener\">Video<\/a>)<\/p>\n\n\n\n<p>Die 3 schnellsten 3-Cone-Drill-Zeiten, die jemals bei der NFL Scouting Combine aufgezeichnet wurden, sind:<\/p>\n\n\n\n<ol class=\"wp-block-list\">\n<li>Scott Hines, CB, Southeast Missouri State: 6.28 seconds (1999)<\/li>\n\n\n\n<li>Jason Allen, DB, Tennessee: 6.32 seconds (2006)<\/li>\n\n\n\n<li>Jeff Maehl, WR, Oregon: 6.42 seconds (2011)<\/li>\n<\/ol>\n\n\n\n<p>Moritz: 6.65 seconds<\/p>\n\n\n\n<h2 class=\"wp-block-heading\">Shuttle run (5-10-5)<\/h2>\n\n\n\n<p>Der Shuttle Run, auch als 5-10-5-Drill bekannt, ist ein Beweglichkeitstest, der die F\u00e4higkeit eines Spielers misst, schnell und effizient die Richtung zu wechseln. Er gibt Aufschluss \u00fcber die seitliche Beweglichkeit, die Beschleunigung und die K\u00f6rperkontrolle eines Spielers.<\/p>\n\n\n\n<p>Bei der \u00dcbung werden drei H\u00fctchen aufgestellt, die jeweils 5 Yards voneinander entfernt in einer geraden Linie stehen. Der Spieler beginnt am mittleren H\u00fctchen, sprintet f\u00fcnf Yards zum ersten H\u00fctchen, ber\u00fchrt die Linie mit der Hand, \u00e4ndert die Richtung, sprintet 10 Yards zum dritten H\u00fctchen, ber\u00fchrt die Linie mit der Hand, \u00e4ndert wieder die Richtung und sprintet durch das mittlere H\u00fctchen zur\u00fcck zur Startlinie. (<a href=\"https:\/\/www.youtube.com\/watch?v=1Ik4_GjdrJw\" target=\"_blank\" rel=\"noreferrer noopener\">Video<\/a>)<\/p>\n\n\n\n<p>Die drei schnellsten Shuttle-Run-Zeiten, die jemals beim NFL Scouting Combine gemessen wurden, sind:<\/p>\n\n\n\n<ol class=\"wp-block-list\">\n<li>Zaven Collins, LB, Tulsa: 3.85 seconds (2021)<\/li>\n\n\n\n<li>Jason Allen, DB, Tennessee: 3.87 seconds (2006)<\/li>\n\n\n\n<li>Brandin Cooks, WR, Oregon State: 3.91 seconds (2014)<\/li>\n<\/ol>\n\n\n\n<p>Moritz: 4.10 seconds<\/p>\n\n\n\n<h2 class=\"wp-block-heading\">Broad jump<\/h2>\n\n\n\n<p>Der Weitsprung ist ein Test, der bei der NFL Scouting Combine eingesetzt wird, um die Explosivit\u00e4t und Kraft des Unterk\u00f6rpers eines Sportlers zu messen. Er misst die Weite, die ein Spieler aus dem Stand heraus springen kann, wobei er mit schulterbreit auseinander stehenden F\u00fc\u00dfen startet und mit beiden F\u00fc\u00dfen zusammen so weit wie m\u00f6glich nach vorne landet.<\/p>\n\n\n\n<p>Es ist erlaubt, die Arme zu schwingen, aber du darfst nicht vor dem Sprung die F\u00fc\u00dfe bewegen. Der Athlet hat zwei Versuche, um so weit wie m\u00f6glich zu springen, und die weiteste erreichte Weite wird aufgezeichnet.. (<a href=\"https:\/\/www.youtube.com\/watch?v=n0UeHxglMJ4\" target=\"_blank\" rel=\"noreferrer noopener\">Video<\/a>)<\/p>\n\n\n\n<p>Hier ist eine Liste mit den 3 l\u00e4ngsten Weitsprungweiten beim NFL Scouting Combine:<\/p>\n\n\n\n<ol class=\"wp-block-list\">\n<li>Byron Jones, CB, Connecticut : 12 feet, 3 inches (2015)<\/li>\n\n\n\n<li>Chris Conley, WR, Georgia: 11 feet, 7 inches (2015)<\/li>\n\n\n\n<li>Donald Washington, CB, Ohio State: 11 feet, 6 inches (2009)<\/li>\n<\/ol>\n\n\n\n<p>Moritz: 10 feet 11 inches<\/p>\n\n\n\n<h2 class=\"wp-block-heading\">Vertical jump<\/h2>\n\n\n\n<p>Es ist ein Test, der beim NFL Scouting Combine verwendet wird, um die Explosivit\u00e4t und Kraft des Unterk\u00f6rpers eines Sportlers zu messen. Er misst die H\u00f6he, die ein Spieler aus dem Stand heraus springen kann, indem er sich mit einem Arm so hoch wie m\u00f6glich streckt und wieder auf zwei F\u00fc\u00dfen landet. (<a href=\"https:\/\/www.youtube.com\/watch?v=mKZCqWMQmVI\" target=\"_blank\" rel=\"noreferrer noopener\">Video<\/a>)<\/p>\n\n\n\n<p>Du hast 2 Versuche, so hoch wie m\u00f6glich zu springen, und der h\u00f6chste Sprung wird aufgezeichnet.<\/p>\n\n\n\n<p>Die drei h\u00f6chsten vertikalen Spr\u00fcnge, die jemals bei der NFL Scouting Combine aufgezeichnet wurden, sind:<\/p>\n\n\n\n<ol class=\"wp-block-list\">\n<li>Gerald Sensabaugh, SS, North Carolina : 46 inches (2005)<\/li>\n\n\n\n<li>Chris Conley, WR, Georgia: 45 inches (2015)<\/li>\n\n\n\n<li>Donald Washington, CB, Ohio State: 45 inches (2009)<\/li>\n<\/ol>\n\n\n\n<p>Moritz: 39.5 inches<\/p>\n\n\n\n<p>Wenn Du h\u00f6her oder weiter springen willst, schau Dir den <a href=\"https:\/\/tlap-sports.com\/en\/product\/jump-hight-plan-athlete\/\">Jump higher Plan<\/a> an, den wir anbieten.<\/p>\n\n\n\n<h2 class=\"wp-block-heading\">225 lbs Bench test<\/h2>\n\n\n\n<p>Der 225-Bank-Test ist ein Krafttest, der beim NFL Scouting Combine eingesetzt wird, um die Kraft und Ausdauer des Oberk\u00f6rpers eines Sportlers zu messen. Bei diesem Test muss der Athlet 225 Pfund (ca. 102 kg) so oft wie m\u00f6glich ohne Unterbrechung dr\u00fccken. Der Test misst, wie viele Wiederholungen ein Athlet durchf\u00fchren kann. (<a href=\"https:\/\/www.youtube.com\/watch?v=kT5YHy0I9Ys\">Video<\/a>)<\/p>\n\n\n\n<p>Die meisten Wiederholungen, die jemals beim 225-Bank-Test beim NFL Scouting Combine aufgezeichnet wurden, sind:<\/p>\n\n\n\n<ol class=\"wp-block-list\">\n<li>Justin Ernest, DT, Eastern Kentucky: 51 repetitions (1999)<\/li>\n\n\n\n<li>Stephen Paea, DT, Oregon State: 49 repetitions (2011)<\/li>\n\n\n\n<li>Mitch Petrus, OG, Arkansas: 45 repetitions (2010)<\/li>\n<\/ol>\n\n\n\n<p>Moritz: 24 repetitions<\/p>\n\n\n\n<p>Wenn Du Dein Bankdr\u00fccken verbessern willst, probiere unseren <a href=\"https:\/\/tlap-sports.com\/en\/product\/bench-press-maximizer-athlete\/\">Bench Press Maximizer Plan<\/a>. <\/p>\n\n\n\n<div style=\"height:30px\" aria-hidden=\"true\" class=\"wp-block-spacer\"><\/div>\n\n\n\n<figure class=\"wp-block-image size-large is-resized\"><a href=\"https:\/\/tlap-sports.com\/en\/american-football-blog\/\"><img loading=\"lazy\" decoding=\"async\" width=\"1024\" height=\"860\" src=\"https:\/\/tlap-sports.com\/en\/wp-content\/uploads\/sites\/3\/2022\/10\/T-LAP_LOGO_BLACK_RED_BIG_BLOG-1024x860.png\" alt=\"LOGO_Black_Red\" class=\"wp-image-5771\" style=\"width:256px;height:215px\" title=\"TLAP logo\" srcset=\"https:\/\/tlap-sports.com\/en\/wp-content\/uploads\/sites\/3\/2022\/10\/T-LAP_LOGO_BLACK_RED_BIG_BLOG-1024x860.png 1024w, https:\/\/tlap-sports.com\/en\/wp-content\/uploads\/sites\/3\/2022\/10\/T-LAP_LOGO_BLACK_RED_BIG_BLOG-300x252.png 300w, https:\/\/tlap-sports.com\/en\/wp-content\/uploads\/sites\/3\/2022\/10\/T-LAP_LOGO_BLACK_RED_BIG_BLOG-768x645.png 768w, https:\/\/tlap-sports.com\/en\/wp-content\/uploads\/sites\/3\/2022\/10\/T-LAP_LOGO_BLACK_RED_BIG_BLOG-1536x1291.png 1536w, https:\/\/tlap-sports.com\/en\/wp-content\/uploads\/sites\/3\/2022\/10\/T-LAP_LOGO_BLACK_RED_BIG_BLOG-2048x1721.png 2048w, https:\/\/tlap-sports.com\/en\/wp-content\/uploads\/sites\/3\/2022\/10\/T-LAP_LOGO_BLACK_RED_BIG_BLOG-200x168.png 200w, https:\/\/tlap-sports.com\/en\/wp-content\/uploads\/sites\/3\/2022\/10\/T-LAP_LOGO_BLACK_RED_BIG_BLOG-400x336.png 400w\" sizes=\"auto, (max-width: 1024px) 100vw, 1024px\" \/><\/a><\/figure>\n\n\n\n<div style=\"height:60px\" aria-hidden=\"true\" class=\"wp-block-spacer\"><\/div>\n","protected":false},"excerpt":{"rendered":"<p>NFL scouting combine English\/Deutsch Alle TLAP Blog Beitr\u00e4ge Das NFL Scouting Combine ist eine Veranstaltung, bei der die besten College-Footballspieler ihre F\u00e4higkeiten und Fertigkeiten vor NFL-Trainern, Scouts und F\u00fchrungskr\u00e4ften pr\u00e4sentieren. Die Veranstaltung dauert sechs Tage und umfasst eine Reihe von physischen und mentalen Tests wie den 40-Yard-Dash, Vertikalsprung, Weitsprung, 3-Cone-Drill, Shuttle Run, Bankdr\u00fccken und medizinische &hellip;<\/p>\n<p class=\"read-more\"> <a class=\"\" href=\"https:\/\/tlap-sports.com\/en\/nfl-scouting-combine-2023\/\"> <span class=\"screen-reader-text\">NFL scouting combine 2023<\/span> Read More &raquo;<\/a><\/p>\n","protected":false},"author":1,"featured_media":0,"parent":0,"menu_order":0,"comment_status":"closed","ping_status":"closed","template":"","meta":{"prwc_products":"","prwc_not_all_products_required":false,"prwc_not_bought_page":"","prwc_redirect_not_bought":false,"prwc_not_logged_in_page":"","prwc_redirect_not_logged_in":false,"prwc_timeout_days":0,"prwc_timeout_hours":0,"prwc_timeout_minutes":0,"prwc_timeout_seconds":0,"prwc_timeout_views":0,"pmpro_default_level":"","site-sidebar-layout":"default","site-content-layout":"default","ast-global-header-display":"","ast-banner-title-visibility":"","ast-main-header-display":"","ast-hfb-above-header-display":"","ast-hfb-below-header-display":"","ast-hfb-mobile-header-display":"","site-post-title":"","ast-breadcrumbs-content":"","ast-featured-img":"","footer-sml-layout":"","theme-transparent-header-meta":"","adv-header-id-meta":"","stick-header-meta":"","header-above-stick-meta":"","header-main-stick-meta":"","header-below-stick-meta":"","footnotes":""},"class_list":["post-6325","page","type-page","status-publish","hentry","pmpro-has-access"],"yoast_head":"<!-- This site is optimized with the Yoast SEO plugin v26.6 - https:\/\/yoast.com\/wordpress\/plugins\/seo\/ -->\n<title>NFL scouting combine 2023 - TLAP Sports english<\/title>\n<meta name=\"description\" content=\"In unserem Blog erf\u00e4hrst du alles, was du \u00fcber den NFL Scouting Combine wissen musst. Alle drills werden erkl\u00e4rt und die Rekordhalter gegeben.\" \/>\n<meta name=\"robots\" content=\"index, follow, max-snippet:-1, max-image-preview:large, max-video-preview:-1\" \/>\n<link rel=\"canonical\" href=\"https:\/\/tlap-sports.com\/en\/nfl-scouting-combine-2023\/\" \/>\n<meta property=\"og:locale\" content=\"en_US\" \/>\n<meta property=\"og:type\" content=\"article\" \/>\n<meta property=\"og:title\" content=\"NFL scouting combine 2023 - TLAP Sports english\" \/>\n<meta property=\"og:description\" content=\"In unserem Blog erf\u00e4hrst du alles, was du \u00fcber den NFL Scouting Combine wissen musst. Alle drills werden erkl\u00e4rt und die Rekordhalter gegeben.\" \/>\n<meta property=\"og:url\" content=\"https:\/\/tlap-sports.com\/en\/nfl-scouting-combine-2023\/\" \/>\n<meta property=\"og:site_name\" content=\"TLAP Sports english\" \/>\n<meta property=\"article:modified_time\" content=\"2024-08-18T13:30:41+00:00\" \/>\n<meta property=\"og:image\" content=\"https:\/\/tlap-sports.com\/en\/wp-content\/uploads\/sites\/3\/2022\/10\/T-LAP_LOGO_BLACK_RED_BIG_BLOG-1024x860.png\" \/>\n<meta name=\"twitter:card\" content=\"summary_large_image\" \/>\n<meta name=\"twitter:label1\" content=\"Est. reading time\" \/>\n\t<meta name=\"twitter:data1\" content=\"5 minutes\" \/>\n<script type=\"application\/ld+json\" class=\"yoast-schema-graph\">{\"@context\":\"https:\/\/schema.org\",\"@graph\":[{\"@type\":\"WebPage\",\"@id\":\"https:\/\/tlap-sports.com\/en\/nfl-scouting-combine-2023\/\",\"url\":\"https:\/\/tlap-sports.com\/en\/nfl-scouting-combine-2023\/\",\"name\":\"NFL scouting combine 2023 - TLAP Sports english\",\"isPartOf\":{\"@id\":\"https:\/\/tlap-sports.com\/en\/#website\"},\"primaryImageOfPage\":{\"@id\":\"https:\/\/tlap-sports.com\/en\/nfl-scouting-combine-2023\/#primaryimage\"},\"image\":{\"@id\":\"https:\/\/tlap-sports.com\/en\/nfl-scouting-combine-2023\/#primaryimage\"},\"thumbnailUrl\":\"https:\/\/tlap-sports.com\/en\/wp-content\/uploads\/sites\/3\/2022\/10\/T-LAP_LOGO_BLACK_RED_BIG_BLOG-1024x860.png\",\"datePublished\":\"2023-03-02T18:29:03+00:00\",\"dateModified\":\"2024-08-18T13:30:41+00:00\",\"description\":\"In unserem Blog erf\u00e4hrst du alles, was du \u00fcber den NFL Scouting Combine wissen musst. Alle drills werden erkl\u00e4rt und die Rekordhalter gegeben.\",\"breadcrumb\":{\"@id\":\"https:\/\/tlap-sports.com\/en\/nfl-scouting-combine-2023\/#breadcrumb\"},\"inLanguage\":\"en-US\",\"potentialAction\":[{\"@type\":\"ReadAction\",\"target\":[\"https:\/\/tlap-sports.com\/en\/nfl-scouting-combine-2023\/\"]}]},{\"@type\":\"ImageObject\",\"inLanguage\":\"en-US\",\"@id\":\"https:\/\/tlap-sports.com\/en\/nfl-scouting-combine-2023\/#primaryimage\",\"url\":\"https:\/\/tlap-sports.com\/en\/wp-content\/uploads\/sites\/3\/2022\/10\/T-LAP_LOGO_BLACK_RED_BIG_BLOG.png\",\"contentUrl\":\"https:\/\/tlap-sports.com\/en\/wp-content\/uploads\/sites\/3\/2022\/10\/T-LAP_LOGO_BLACK_RED_BIG_BLOG.png\",\"width\":2491,\"height\":2093,\"caption\":\"LOGO_Black_Red\"},{\"@type\":\"BreadcrumbList\",\"@id\":\"https:\/\/tlap-sports.com\/en\/nfl-scouting-combine-2023\/#breadcrumb\",\"itemListElement\":[{\"@type\":\"ListItem\",\"position\":1,\"name\":\"Home\",\"item\":\"https:\/\/tlap-sports.com\/en\/\"},{\"@type\":\"ListItem\",\"position\":2,\"name\":\"NFL scouting combine 2023\"}]},{\"@type\":\"WebSite\",\"@id\":\"https:\/\/tlap-sports.com\/en\/#website\",\"url\":\"https:\/\/tlap-sports.com\/en\/\",\"name\":\"TLAP Sports english\",\"description\":\"Train like a pro no matter what background and resources you have\",\"publisher\":{\"@id\":\"https:\/\/tlap-sports.com\/en\/#organization\"},\"potentialAction\":[{\"@type\":\"SearchAction\",\"target\":{\"@type\":\"EntryPoint\",\"urlTemplate\":\"https:\/\/tlap-sports.com\/en\/?s={search_term_string}\"},\"query-input\":{\"@type\":\"PropertyValueSpecification\",\"valueRequired\":true,\"valueName\":\"search_term_string\"}}],\"inLanguage\":\"en-US\"},{\"@type\":\"Organization\",\"@id\":\"https:\/\/tlap-sports.com\/en\/#organization\",\"name\":\"TLAP Sports english\",\"url\":\"https:\/\/tlap-sports.com\/en\/\",\"logo\":{\"@type\":\"ImageObject\",\"inLanguage\":\"en-US\",\"@id\":\"https:\/\/tlap-sports.com\/en\/#\/schema\/logo\/image\/\",\"url\":\"https:\/\/tlap-sports.com\/en\/wp-content\/uploads\/sites\/3\/2025\/09\/cropped-logo-tlap-sports-white-red.png\",\"contentUrl\":\"https:\/\/tlap-sports.com\/en\/wp-content\/uploads\/sites\/3\/2025\/09\/cropped-logo-tlap-sports-white-red.png\",\"width\":\"1331\",\"height\":\"1420\",\"caption\":\"TLAP Sports english\"},\"image\":{\"@id\":\"https:\/\/tlap-sports.com\/en\/#\/schema\/logo\/image\/\"}}]}<\/script>\n<!-- \/ Yoast SEO plugin. -->","yoast_head_json":{"title":"NFL scouting combine 2023 - TLAP Sports english","description":"In unserem Blog erf\u00e4hrst du alles, was du \u00fcber den NFL Scouting Combine wissen musst. Alle drills werden erkl\u00e4rt und die Rekordhalter gegeben.","robots":{"index":"index","follow":"follow","max-snippet":"max-snippet:-1","max-image-preview":"max-image-preview:large","max-video-preview":"max-video-preview:-1"},"canonical":"https:\/\/tlap-sports.com\/en\/nfl-scouting-combine-2023\/","og_locale":"en_US","og_type":"article","og_title":"NFL scouting combine 2023 - TLAP Sports english","og_description":"In unserem Blog erf\u00e4hrst du alles, was du \u00fcber den NFL Scouting Combine wissen musst. Alle drills werden erkl\u00e4rt und die Rekordhalter gegeben.","og_url":"https:\/\/tlap-sports.com\/en\/nfl-scouting-combine-2023\/","og_site_name":"TLAP Sports english","article_modified_time":"2024-08-18T13:30:41+00:00","og_image":[{"url":"https:\/\/tlap-sports.com\/en\/wp-content\/uploads\/sites\/3\/2022\/10\/T-LAP_LOGO_BLACK_RED_BIG_BLOG-1024x860.png","type":"","width":"","height":""}],"twitter_card":"summary_large_image","twitter_misc":{"Est. reading time":"5 minutes"},"schema":{"@context":"https:\/\/schema.org","@graph":[{"@type":"WebPage","@id":"https:\/\/tlap-sports.com\/en\/nfl-scouting-combine-2023\/","url":"https:\/\/tlap-sports.com\/en\/nfl-scouting-combine-2023\/","name":"NFL scouting combine 2023 - TLAP Sports english","isPartOf":{"@id":"https:\/\/tlap-sports.com\/en\/#website"},"primaryImageOfPage":{"@id":"https:\/\/tlap-sports.com\/en\/nfl-scouting-combine-2023\/#primaryimage"},"image":{"@id":"https:\/\/tlap-sports.com\/en\/nfl-scouting-combine-2023\/#primaryimage"},"thumbnailUrl":"https:\/\/tlap-sports.com\/en\/wp-content\/uploads\/sites\/3\/2022\/10\/T-LAP_LOGO_BLACK_RED_BIG_BLOG-1024x860.png","datePublished":"2023-03-02T18:29:03+00:00","dateModified":"2024-08-18T13:30:41+00:00","description":"In unserem Blog erf\u00e4hrst du alles, was du \u00fcber den NFL Scouting Combine wissen musst. Alle drills werden erkl\u00e4rt und die Rekordhalter gegeben.","breadcrumb":{"@id":"https:\/\/tlap-sports.com\/en\/nfl-scouting-combine-2023\/#breadcrumb"},"inLanguage":"en-US","potentialAction":[{"@type":"ReadAction","target":["https:\/\/tlap-sports.com\/en\/nfl-scouting-combine-2023\/"]}]},{"@type":"ImageObject","inLanguage":"en-US","@id":"https:\/\/tlap-sports.com\/en\/nfl-scouting-combine-2023\/#primaryimage","url":"https:\/\/tlap-sports.com\/en\/wp-content\/uploads\/sites\/3\/2022\/10\/T-LAP_LOGO_BLACK_RED_BIG_BLOG.png","contentUrl":"https:\/\/tlap-sports.com\/en\/wp-content\/uploads\/sites\/3\/2022\/10\/T-LAP_LOGO_BLACK_RED_BIG_BLOG.png","width":2491,"height":2093,"caption":"LOGO_Black_Red"},{"@type":"BreadcrumbList","@id":"https:\/\/tlap-sports.com\/en\/nfl-scouting-combine-2023\/#breadcrumb","itemListElement":[{"@type":"ListItem","position":1,"name":"Home","item":"https:\/\/tlap-sports.com\/en\/"},{"@type":"ListItem","position":2,"name":"NFL scouting combine 2023"}]},{"@type":"WebSite","@id":"https:\/\/tlap-sports.com\/en\/#website","url":"https:\/\/tlap-sports.com\/en\/","name":"TLAP Sports english","description":"Train like a pro no matter what background and resources you have","publisher":{"@id":"https:\/\/tlap-sports.com\/en\/#organization"},"potentialAction":[{"@type":"SearchAction","target":{"@type":"EntryPoint","urlTemplate":"https:\/\/tlap-sports.com\/en\/?s={search_term_string}"},"query-input":{"@type":"PropertyValueSpecification","valueRequired":true,"valueName":"search_term_string"}}],"inLanguage":"en-US"},{"@type":"Organization","@id":"https:\/\/tlap-sports.com\/en\/#organization","name":"TLAP Sports english","url":"https:\/\/tlap-sports.com\/en\/","logo":{"@type":"ImageObject","inLanguage":"en-US","@id":"https:\/\/tlap-sports.com\/en\/#\/schema\/logo\/image\/","url":"https:\/\/tlap-sports.com\/en\/wp-content\/uploads\/sites\/3\/2025\/09\/cropped-logo-tlap-sports-white-red.png","contentUrl":"https:\/\/tlap-sports.com\/en\/wp-content\/uploads\/sites\/3\/2025\/09\/cropped-logo-tlap-sports-white-red.png","width":"1331","height":"1420","caption":"TLAP Sports english"},"image":{"@id":"https:\/\/tlap-sports.com\/en\/#\/schema\/logo\/image\/"}}]}},"_links":{"self":[{"href":"https:\/\/tlap-sports.com\/en\/wp-json\/wp\/v2\/pages\/6325","targetHints":{"allow":["GET"]}}],"collection":[{"href":"https:\/\/tlap-sports.com\/en\/wp-json\/wp\/v2\/pages"}],"about":[{"href":"https:\/\/tlap-sports.com\/en\/wp-json\/wp\/v2\/types\/page"}],"author":[{"embeddable":true,"href":"https:\/\/tlap-sports.com\/en\/wp-json\/wp\/v2\/users\/1"}],"replies":[{"embeddable":true,"href":"https:\/\/tlap-sports.com\/en\/wp-json\/wp\/v2\/comments?post=6325"}],"version-history":[{"count":9,"href":"https:\/\/tlap-sports.com\/en\/wp-json\/wp\/v2\/pages\/6325\/revisions"}],"predecessor-version":[{"id":7941,"href":"https:\/\/tlap-sports.com\/en\/wp-json\/wp\/v2\/pages\/6325\/revisions\/7941"}],"wp:attachment":[{"href":"https:\/\/tlap-sports.com\/en\/wp-json\/wp\/v2\/media?parent=6325"}],"curies":[{"name":"wp","href":"https:\/\/api.w.org\/{rel}","templated":true}]}}