{"id":6240,"date":"2023-01-30T14:26:19","date_gmt":"2023-01-30T14:26:19","guid":{"rendered":"https:\/\/tlap-sports.com\/en\/?page_id=6240"},"modified":"2024-08-18T13:30:02","modified_gmt":"2024-08-18T13:30:02","slug":"american-football-regeln","status":"publish","type":"page","link":"https:\/\/tlap-sports.com\/en\/american-football-regeln\/","title":{"rendered":"American Football Regeln"},"content":{"rendered":"<style>.wp-block-kadence-spacer.kt-block-spacer-6240_18dd90-65 .kt-block-spacer{height:30px;}.wp-block-kadence-spacer.kt-block-spacer-6240_18dd90-65 .kt-divider{border-top-width:1px;height:1px;border-top-color:#eee;width:80%;border-top-style:solid;}<\/style>\n<div class=\"wp-block-kadence-spacer aligncenter kt-block-spacer-6240_18dd90-65\"><div class=\"kt-block-spacer kt-block-spacer-halign-center\"><\/div><\/div>\n\n\n\n<h1 class=\"wp-block-heading has-text-align-center\">Die Regeln des American Football: Eine vollst\u00e4ndige Anleitung zum Verst\u00e4ndnis des Spiels<\/h1>\n\n\n\n<p><a href=\"https:\/\/tlap-sports.com\/en\/american-football-rules\/\">English<\/a>\/<a href=\"https:\/\/tlap-sports.com\/en\/american-football-regeln\/\">Deutsch<\/a><\/p>\n\n\n\n<p><strong><a href=\"https:\/\/tlap-sports.com\/en\/american-football-blog\/\" target=\"_blank\" rel=\"noreferrer noopener\">Alle TLAP Blog Beitr\u00e4ge<\/a><\/strong><\/p>\n\n\n<style>.wp-block-kadence-spacer.kt-block-spacer-6240_9d7456-73 .kt-block-spacer{height:30px;}.wp-block-kadence-spacer.kt-block-spacer-6240_9d7456-73 .kt-divider{border-top-width:1px;height:1px;border-top-color:#eee;width:80%;border-top-style:solid;}<\/style>\n<div class=\"wp-block-kadence-spacer aligncenter kt-block-spacer-6240_9d7456-73\"><div class=\"kt-block-spacer kt-block-spacer-halign-center\"><\/div><\/div>\n\n\n\n<p>American Football, oder einfach Football, ist einer der beliebtesten Sportarten in den USA. Mit seiner hochintensiven Action und strategischen Spielweise ist es ein atemberaubendes Erlebnis f\u00fcr Spieler und Fans. Das Verstehen der Regeln des American Football kann jedoch f\u00fcr Neulinge im Sport eine Herausforderung sein. In diesem Blog-Post bieten wir eine umfassende Anleitung zu den Regeln des American Football, um das Spiel besser zu verstehen.<\/p>\n\n\n\n<h2 class=\"wp-block-heading\">Das Feld<\/h2>\n\n\n\n<p>American Football wird auf einem Feld gespielt, das 100 Yards lang und 160 Fu\u00df breit ist. Das Feld ist in zwei Endzonen unterteilt, die jeweils 10 Yards tief sind. Das Feld ist auch in drei Abschnitte unterteilt: die Offense, die Defense und die Neutralzone. Die Aufgabe der Offense ist es, den Ball das Feld hinunterzubringen, w\u00e4hrend die Aufgabe der Defense ist, die Offense zu stoppen und die Kontrolle \u00fcber den Ball zu \u00fcbernehmen. Die Neutralzone ist der Bereich zwischen Offense und Defense und ist der Ort, an dem der Ball am Anfang jedes Spielzugs platziert wird.<\/p>\n\n\n\n<h2 class=\"wp-block-heading\">Punkte<\/h2>\n\n\n\n<p>Das Ziel des Spiels ist es, Punkte zu erzielen, indem man den Ball \u00fcber die gegnerische Goalline tr\u00e4gt oder indem man den Ball durch die gegnerischen Torstangen tritt. Ein Touchdown, wert 6 Punkte, wird erzielt, wenn ein Spieler den Ball \u00fcber die gegnerische Goalline tr\u00e4gt oder einen Pass in der Endzone f\u00e4ngt. Ein Field Goal, wert 3 Punkte, wird erzielt, wenn der Ball durch die gegnerischen Torstangen getreten wird. Au\u00dferdem kann durch ein Field Goal nach einem Touchdown noch ein weiterer Punkt erzielt werden. Eine Safety, wert 2 Punkte, wird erzielt, wenn das defensive Team einen offensiven Spieler in ihrer eigenen Endzone tacklet.<\/p>\n\n\n\n<h2 class=\"wp-block-heading\">Offense<\/h2>\n\n\n\n<p>Die Offense hat vier Downs oder Chancen, den Ball 10 Yards vorw\u00e4rtszubringen. Wenn die Offense erfolgreich ist, den Ball 10 Yards vorw\u00e4rtszubringen, wird ihnen ein neues Set an Downs gegeben. Wenn die Offense nicht erfolgreich ist, den Ball 10 Yards vorw\u00e4rtszubringen, wird der Ball an die Defense \u00fcbergeben. Die Offense kann entweder den Ball laufen oder den Ball passen, um ihn das Feld hinunterzubringen. Normalerweise wird im vierten Versuch ein Punt (Befreiungsschlag) oder Field Goal durchgef\u00fchrt.<\/p>\n\n\n\n<h2 class=\"wp-block-heading\">Defense<\/h2>\n\n\n\n<p>Das Ziel der Verteidigung ist es, die Angriffsmannschaft aufzuhalten und die Kontrolle \u00fcber den Ball zu \u00fcbernehmen. Die Verteidigung kann die Angreifer tacklen, um sie davon abzuhalten, den Ball voranzutreiben, P\u00e4sse abzufangen oder zu einem Fumble zu zwingen. Die Verteidigung kann auch Punkte erzielen, indem sie einen Angreifer in seiner eigenen Endzone tacklt und so eine Safety erzielt.<\/p>\n\n\n\n<h2 class=\"wp-block-heading\">American Football Regeln Strafen<\/h2>\n\n\n\n<p>Es gibt eine Vielzahl von Strafen im American Football, jede mit ihren eigenen Regeln und Konsequenzen. Einige der h\u00e4ufigsten Strafen sind:<\/p>\n\n\n\n<p>Abseits: Dies tritt auf, wenn ein Spieler beim Start eines Spielzugs auf der falschen Seite der neutralen Zone steht. Die Strafe resultiert in einem Verlust von 5 Yards.<\/p>\n\n\n\n<p>Halten: Dies tritt auf, wenn ein Spieler einen Gegner an dessen Trikot oder Ausr\u00fcstung greift oder festh\u00e4lt, um ihn zu verlangsamen oder davon abzuhalten, einen Spielzug auszuf\u00fchren. Die Strafe resultiert in einem Verlust von 10 Yards.<\/p>\n\n\n\n<p>Pass Interferenz: Dies tritt auf, wenn ein Verteidiger Kontakt mit einem Receiver aufnimmt, um ihm das Fangen eines Passes zu verhindern. Die Strafe resultiert in einem Verlust von Yards, der gleich der Entfernung vom Ort des Vergehens ist.<\/p>\n\n\n\n<p>Fehlstart: Dies tritt auf, wenn ein Angreifer vor dem Snap des Balls sich bewegt. Die Strafe resultiert in einem Verlust von 5 Yards.<\/p>\n\n\n\n<p>Verz\u00f6gerung des Spiels: Dies tritt auf, wenn ein Team zu lange braucht, um einen Spielzug zu starten. Die Strafe resultiert in einem Verlust von 5 Yards.<\/p>\n\n\n\n<p>Unsportliches Verhalten: Dies tritt auf, wenn ein Spieler unsportliches Verhalten zeigt, wie z.B. trash talking, spott oder andere Formen unsportlichen Verhaltens. Die Strafe resultiert in einem Verlust von 15 Yards.<\/p>\n\n\n\n<p>Es ist zu beachten, dass dies nur einige Beispiele f\u00fcr Strafen sind, die w\u00e4hrend eines American Football-Spiels auftreten k\u00f6nnen. Es gibt viele andere, wie z.B. Roughing the Passer, Clipping und illegaler Einsatz von H\u00e4nden, und jede hat ihre eigenen Regeln und Konsequenzen.<\/p>\n\n\n\n<h2 class=\"wp-block-heading\">American Football Regeln Zusammenfassung<\/h2>\n\n\n\n<p>Zusammenfassend ist American Football ein komplexer und aufregender Sport, der von Millionen von Menschen auf der ganzen Welt genossen wird. Durch das Verst\u00e4ndnis der umfassenden Regeln des Spiels kann man die Strategie und das K\u00f6nnen, das in jedem Spiel steckt, besser sch\u00e4tzen. Ob man ein erfahrener Veteran oder ein Neuling im Sport ist, American Football bietet garantiert ein aufregendes Erlebnis.<\/p>\n\n\n\n<div style=\"height:30px\" aria-hidden=\"true\" class=\"wp-block-spacer\"><\/div>\n\n\n\n<figure class=\"wp-block-image size-large is-resized\"><a href=\"https:\/\/tlap-sports.com\/en\/wp-content\/uploads\/sites\/3\/2022\/10\/T-LAP_LOGO_BLACK_RED_BIG_BLOG.png\"><img loading=\"lazy\" decoding=\"async\" width=\"1024\" height=\"860\" src=\"https:\/\/tlap-sports.com\/en\/wp-content\/uploads\/sites\/3\/2022\/10\/T-LAP_LOGO_BLACK_RED_BIG_BLOG-1024x860.png\" alt=\"LOGO_Black_Red\" class=\"wp-image-5771\" style=\"width:256px;height:215px\" srcset=\"https:\/\/tlap-sports.com\/en\/wp-content\/uploads\/sites\/3\/2022\/10\/T-LAP_LOGO_BLACK_RED_BIG_BLOG-1024x860.png 1024w, https:\/\/tlap-sports.com\/en\/wp-content\/uploads\/sites\/3\/2022\/10\/T-LAP_LOGO_BLACK_RED_BIG_BLOG-300x252.png 300w, https:\/\/tlap-sports.com\/en\/wp-content\/uploads\/sites\/3\/2022\/10\/T-LAP_LOGO_BLACK_RED_BIG_BLOG-768x645.png 768w, https:\/\/tlap-sports.com\/en\/wp-content\/uploads\/sites\/3\/2022\/10\/T-LAP_LOGO_BLACK_RED_BIG_BLOG-1536x1291.png 1536w, https:\/\/tlap-sports.com\/en\/wp-content\/uploads\/sites\/3\/2022\/10\/T-LAP_LOGO_BLACK_RED_BIG_BLOG-2048x1721.png 2048w, https:\/\/tlap-sports.com\/en\/wp-content\/uploads\/sites\/3\/2022\/10\/T-LAP_LOGO_BLACK_RED_BIG_BLOG-200x168.png 200w, https:\/\/tlap-sports.com\/en\/wp-content\/uploads\/sites\/3\/2022\/10\/T-LAP_LOGO_BLACK_RED_BIG_BLOG-400x336.png 400w\" sizes=\"auto, (max-width: 1024px) 100vw, 1024px\" \/><\/a><\/figure>\n\n\n\n<div style=\"height:60px\" aria-hidden=\"true\" class=\"wp-block-spacer\"><\/div>\n","protected":false},"excerpt":{"rendered":"<p>Die Regeln des American Football: Eine vollst\u00e4ndige Anleitung zum Verst\u00e4ndnis des Spiels English\/Deutsch Alle TLAP Blog Beitr\u00e4ge American Football, oder einfach Football, ist einer der beliebtesten Sportarten in den USA. Mit seiner hochintensiven Action und strategischen Spielweise ist es ein atemberaubendes Erlebnis f\u00fcr Spieler und Fans. Das Verstehen der Regeln des American Football kann jedoch &hellip;<\/p>\n<p class=\"read-more\"> <a class=\"\" href=\"https:\/\/tlap-sports.com\/en\/american-football-regeln\/\"> <span class=\"screen-reader-text\">American Football Regeln<\/span> Read More &raquo;<\/a><\/p>\n","protected":false},"author":1,"featured_media":0,"parent":0,"menu_order":0,"comment_status":"closed","ping_status":"closed","template":"","meta":{"prwc_products":"","prwc_not_all_products_required":false,"prwc_not_bought_page":"","prwc_redirect_not_bought":false,"prwc_not_logged_in_page":"","prwc_redirect_not_logged_in":false,"prwc_timeout_days":0,"prwc_timeout_hours":0,"prwc_timeout_minutes":0,"prwc_timeout_seconds":0,"prwc_timeout_views":0,"pmpro_default_level":"","site-sidebar-layout":"default","site-content-layout":"default","ast-global-header-display":"","ast-banner-title-visibility":"","ast-main-header-display":"","ast-hfb-above-header-display":"","ast-hfb-below-header-display":"","ast-hfb-mobile-header-display":"","site-post-title":"","ast-breadcrumbs-content":"","ast-featured-img":"","footer-sml-layout":"","theme-transparent-header-meta":"","adv-header-id-meta":"","stick-header-meta":"","header-above-stick-meta":"","header-main-stick-meta":"","header-below-stick-meta":"","footnotes":""},"class_list":["post-6240","page","type-page","status-publish","hentry","pmpro-has-access"],"yoast_head":"<!-- This site is optimized with the Yoast SEO plugin v26.6 - https:\/\/yoast.com\/wordpress\/plugins\/seo\/ -->\n<title>American Football Regeln - TLAP Sports english<\/title>\n<meta name=\"description\" content=\"Erfahren Sie alles \u00fcber American Football mit unserem umfassenden Leitfaden zu Regeln, Vorschriften und Strategien des Spiels.\" \/>\n<meta name=\"robots\" content=\"index, follow, max-snippet:-1, max-image-preview:large, max-video-preview:-1\" \/>\n<link rel=\"canonical\" href=\"https:\/\/tlap-sports.com\/en\/american-football-regeln\/\" \/>\n<meta property=\"og:locale\" content=\"en_US\" \/>\n<meta property=\"og:type\" content=\"article\" \/>\n<meta property=\"og:title\" content=\"American Football Regeln - TLAP Sports english\" \/>\n<meta property=\"og:description\" content=\"Erfahren Sie alles \u00fcber American Football mit unserem umfassenden Leitfaden zu Regeln, Vorschriften und Strategien des Spiels.\" \/>\n<meta property=\"og:url\" content=\"https:\/\/tlap-sports.com\/en\/american-football-regeln\/\" \/>\n<meta property=\"og:site_name\" content=\"TLAP Sports english\" \/>\n<meta property=\"article:modified_time\" content=\"2024-08-18T13:30:02+00:00\" \/>\n<meta property=\"og:image\" content=\"https:\/\/tlap-sports.com\/en\/wp-content\/uploads\/sites\/3\/2022\/10\/T-LAP_LOGO_BLACK_RED_BIG_BLOG-1024x860.png\" \/>\n<meta name=\"twitter:card\" content=\"summary_large_image\" \/>\n<meta name=\"twitter:label1\" content=\"Est. reading time\" \/>\n\t<meta name=\"twitter:data1\" content=\"4 minutes\" \/>\n<script type=\"application\/ld+json\" class=\"yoast-schema-graph\">{\"@context\":\"https:\/\/schema.org\",\"@graph\":[{\"@type\":\"WebPage\",\"@id\":\"https:\/\/tlap-sports.com\/en\/american-football-regeln\/\",\"url\":\"https:\/\/tlap-sports.com\/en\/american-football-regeln\/\",\"name\":\"American Football Regeln - TLAP Sports english\",\"isPartOf\":{\"@id\":\"https:\/\/tlap-sports.com\/en\/#website\"},\"primaryImageOfPage\":{\"@id\":\"https:\/\/tlap-sports.com\/en\/american-football-regeln\/#primaryimage\"},\"image\":{\"@id\":\"https:\/\/tlap-sports.com\/en\/american-football-regeln\/#primaryimage\"},\"thumbnailUrl\":\"https:\/\/tlap-sports.com\/en\/wp-content\/uploads\/sites\/3\/2022\/10\/T-LAP_LOGO_BLACK_RED_BIG_BLOG-1024x860.png\",\"datePublished\":\"2023-01-30T14:26:19+00:00\",\"dateModified\":\"2024-08-18T13:30:02+00:00\",\"description\":\"Erfahren Sie alles \u00fcber American Football mit unserem umfassenden Leitfaden zu Regeln, Vorschriften und Strategien des Spiels.\",\"breadcrumb\":{\"@id\":\"https:\/\/tlap-sports.com\/en\/american-football-regeln\/#breadcrumb\"},\"inLanguage\":\"en-US\",\"potentialAction\":[{\"@type\":\"ReadAction\",\"target\":[\"https:\/\/tlap-sports.com\/en\/american-football-regeln\/\"]}]},{\"@type\":\"ImageObject\",\"inLanguage\":\"en-US\",\"@id\":\"https:\/\/tlap-sports.com\/en\/american-football-regeln\/#primaryimage\",\"url\":\"https:\/\/tlap-sports.com\/en\/wp-content\/uploads\/sites\/3\/2022\/10\/T-LAP_LOGO_BLACK_RED_BIG_BLOG.png\",\"contentUrl\":\"https:\/\/tlap-sports.com\/en\/wp-content\/uploads\/sites\/3\/2022\/10\/T-LAP_LOGO_BLACK_RED_BIG_BLOG.png\",\"width\":2491,\"height\":2093,\"caption\":\"LOGO_Black_Red\"},{\"@type\":\"BreadcrumbList\",\"@id\":\"https:\/\/tlap-sports.com\/en\/american-football-regeln\/#breadcrumb\",\"itemListElement\":[{\"@type\":\"ListItem\",\"position\":1,\"name\":\"Home\",\"item\":\"https:\/\/tlap-sports.com\/en\/\"},{\"@type\":\"ListItem\",\"position\":2,\"name\":\"American Football Regeln\"}]},{\"@type\":\"WebSite\",\"@id\":\"https:\/\/tlap-sports.com\/en\/#website\",\"url\":\"https:\/\/tlap-sports.com\/en\/\",\"name\":\"TLAP Sports english\",\"description\":\"Train like a pro no matter what background and resources you have\",\"publisher\":{\"@id\":\"https:\/\/tlap-sports.com\/en\/#organization\"},\"potentialAction\":[{\"@type\":\"SearchAction\",\"target\":{\"@type\":\"EntryPoint\",\"urlTemplate\":\"https:\/\/tlap-sports.com\/en\/?s={search_term_string}\"},\"query-input\":{\"@type\":\"PropertyValueSpecification\",\"valueRequired\":true,\"valueName\":\"search_term_string\"}}],\"inLanguage\":\"en-US\"},{\"@type\":\"Organization\",\"@id\":\"https:\/\/tlap-sports.com\/en\/#organization\",\"name\":\"TLAP Sports english\",\"url\":\"https:\/\/tlap-sports.com\/en\/\",\"logo\":{\"@type\":\"ImageObject\",\"inLanguage\":\"en-US\",\"@id\":\"https:\/\/tlap-sports.com\/en\/#\/schema\/logo\/image\/\",\"url\":\"https:\/\/tlap-sports.com\/en\/wp-content\/uploads\/sites\/3\/2025\/09\/cropped-logo-tlap-sports-white-red.png\",\"contentUrl\":\"https:\/\/tlap-sports.com\/en\/wp-content\/uploads\/sites\/3\/2025\/09\/cropped-logo-tlap-sports-white-red.png\",\"width\":\"1331\",\"height\":\"1420\",\"caption\":\"TLAP Sports english\"},\"image\":{\"@id\":\"https:\/\/tlap-sports.com\/en\/#\/schema\/logo\/image\/\"}}]}<\/script>\n<!-- \/ Yoast SEO plugin. -->","yoast_head_json":{"title":"American Football Regeln - TLAP Sports english","description":"Erfahren Sie alles \u00fcber American Football mit unserem umfassenden Leitfaden zu Regeln, Vorschriften und Strategien des Spiels.","robots":{"index":"index","follow":"follow","max-snippet":"max-snippet:-1","max-image-preview":"max-image-preview:large","max-video-preview":"max-video-preview:-1"},"canonical":"https:\/\/tlap-sports.com\/en\/american-football-regeln\/","og_locale":"en_US","og_type":"article","og_title":"American Football Regeln - TLAP Sports english","og_description":"Erfahren Sie alles \u00fcber American Football mit unserem umfassenden Leitfaden zu Regeln, Vorschriften und Strategien des Spiels.","og_url":"https:\/\/tlap-sports.com\/en\/american-football-regeln\/","og_site_name":"TLAP Sports english","article_modified_time":"2024-08-18T13:30:02+00:00","og_image":[{"url":"https:\/\/tlap-sports.com\/en\/wp-content\/uploads\/sites\/3\/2022\/10\/T-LAP_LOGO_BLACK_RED_BIG_BLOG-1024x860.png","type":"","width":"","height":""}],"twitter_card":"summary_large_image","twitter_misc":{"Est. reading time":"4 minutes"},"schema":{"@context":"https:\/\/schema.org","@graph":[{"@type":"WebPage","@id":"https:\/\/tlap-sports.com\/en\/american-football-regeln\/","url":"https:\/\/tlap-sports.com\/en\/american-football-regeln\/","name":"American Football Regeln - TLAP Sports english","isPartOf":{"@id":"https:\/\/tlap-sports.com\/en\/#website"},"primaryImageOfPage":{"@id":"https:\/\/tlap-sports.com\/en\/american-football-regeln\/#primaryimage"},"image":{"@id":"https:\/\/tlap-sports.com\/en\/american-football-regeln\/#primaryimage"},"thumbnailUrl":"https:\/\/tlap-sports.com\/en\/wp-content\/uploads\/sites\/3\/2022\/10\/T-LAP_LOGO_BLACK_RED_BIG_BLOG-1024x860.png","datePublished":"2023-01-30T14:26:19+00:00","dateModified":"2024-08-18T13:30:02+00:00","description":"Erfahren Sie alles \u00fcber American Football mit unserem umfassenden Leitfaden zu Regeln, Vorschriften und Strategien des Spiels.","breadcrumb":{"@id":"https:\/\/tlap-sports.com\/en\/american-football-regeln\/#breadcrumb"},"inLanguage":"en-US","potentialAction":[{"@type":"ReadAction","target":["https:\/\/tlap-sports.com\/en\/american-football-regeln\/"]}]},{"@type":"ImageObject","inLanguage":"en-US","@id":"https:\/\/tlap-sports.com\/en\/american-football-regeln\/#primaryimage","url":"https:\/\/tlap-sports.com\/en\/wp-content\/uploads\/sites\/3\/2022\/10\/T-LAP_LOGO_BLACK_RED_BIG_BLOG.png","contentUrl":"https:\/\/tlap-sports.com\/en\/wp-content\/uploads\/sites\/3\/2022\/10\/T-LAP_LOGO_BLACK_RED_BIG_BLOG.png","width":2491,"height":2093,"caption":"LOGO_Black_Red"},{"@type":"BreadcrumbList","@id":"https:\/\/tlap-sports.com\/en\/american-football-regeln\/#breadcrumb","itemListElement":[{"@type":"ListItem","position":1,"name":"Home","item":"https:\/\/tlap-sports.com\/en\/"},{"@type":"ListItem","position":2,"name":"American Football Regeln"}]},{"@type":"WebSite","@id":"https:\/\/tlap-sports.com\/en\/#website","url":"https:\/\/tlap-sports.com\/en\/","name":"TLAP Sports english","description":"Train like a pro no matter what background and resources you have","publisher":{"@id":"https:\/\/tlap-sports.com\/en\/#organization"},"potentialAction":[{"@type":"SearchAction","target":{"@type":"EntryPoint","urlTemplate":"https:\/\/tlap-sports.com\/en\/?s={search_term_string}"},"query-input":{"@type":"PropertyValueSpecification","valueRequired":true,"valueName":"search_term_string"}}],"inLanguage":"en-US"},{"@type":"Organization","@id":"https:\/\/tlap-sports.com\/en\/#organization","name":"TLAP Sports english","url":"https:\/\/tlap-sports.com\/en\/","logo":{"@type":"ImageObject","inLanguage":"en-US","@id":"https:\/\/tlap-sports.com\/en\/#\/schema\/logo\/image\/","url":"https:\/\/tlap-sports.com\/en\/wp-content\/uploads\/sites\/3\/2025\/09\/cropped-logo-tlap-sports-white-red.png","contentUrl":"https:\/\/tlap-sports.com\/en\/wp-content\/uploads\/sites\/3\/2025\/09\/cropped-logo-tlap-sports-white-red.png","width":"1331","height":"1420","caption":"TLAP Sports english"},"image":{"@id":"https:\/\/tlap-sports.com\/en\/#\/schema\/logo\/image\/"}}]}},"_links":{"self":[{"href":"https:\/\/tlap-sports.com\/en\/wp-json\/wp\/v2\/pages\/6240","targetHints":{"allow":["GET"]}}],"collection":[{"href":"https:\/\/tlap-sports.com\/en\/wp-json\/wp\/v2\/pages"}],"about":[{"href":"https:\/\/tlap-sports.com\/en\/wp-json\/wp\/v2\/types\/page"}],"author":[{"embeddable":true,"href":"https:\/\/tlap-sports.com\/en\/wp-json\/wp\/v2\/users\/1"}],"replies":[{"embeddable":true,"href":"https:\/\/tlap-sports.com\/en\/wp-json\/wp\/v2\/comments?post=6240"}],"version-history":[{"count":3,"href":"https:\/\/tlap-sports.com\/en\/wp-json\/wp\/v2\/pages\/6240\/revisions"}],"predecessor-version":[{"id":7940,"href":"https:\/\/tlap-sports.com\/en\/wp-json\/wp\/v2\/pages\/6240\/revisions\/7940"}],"wp:attachment":[{"href":"https:\/\/tlap-sports.com\/en\/wp-json\/wp\/v2\/media?parent=6240"}],"curies":[{"name":"wp","href":"https:\/\/api.w.org\/{rel}","templated":true}]}}