{"id":5798,"date":"2022-10-25T17:02:14","date_gmt":"2022-10-25T17:02:14","guid":{"rendered":"https:\/\/tlap-sports.com\/en\/?page_id=5798"},"modified":"2024-08-18T13:27:06","modified_gmt":"2024-08-18T13:27:06","slug":"deutsche-in-der-nfl","status":"publish","type":"page","link":"https:\/\/tlap-sports.com\/en\/deutsche-in-der-nfl\/","title":{"rendered":"Deutsche in der NFL"},"content":{"rendered":"\n<div style=\"height:30px\" aria-hidden=\"true\" class=\"wp-block-spacer\"><\/div>\n\n\n\n<h1 class=\"wp-block-heading has-text-align-center\"><strong>Deutsche in der NFL<\/strong><\/h1>\n\n\n\n<p><a href=\"https:\/\/tlap-sports.com\/en\/germans-in-the-nfl\/\">English<\/a>\/<a href=\"https:\/\/tlap-sports.com\/en\/deutsche-in-der-nfl\/\">Deutsch<\/a><\/p>\n\n\n\n<p><strong><a href=\"https:\/\/tlap-sports.com\/en\/american-football-blog\/\" target=\"_blank\" rel=\"noreferrer noopener\">Alle TLAP Blog Beitr\u00e4ge<\/a><\/strong><\/p>\n\n\n\n<p>Dies ist eine Liste mit allen deutschen Spielern, die in der NFL sind oder waren. Der effektivste Weg, um in die NFL zu kommen, ist College Football in den USA zu spielen. Dazu ist es gut, mindestens ein Jahr Highschool-Football zu spielen, um mit College-Coaches in Kontakt zu kommen und an eine gr\u00f6\u00dfere Universit\u00e4t rekrutiert zu werden. Eine gute M\u00f6glichkeit f\u00fcr deutsche Spieler, die zu alt sind, um College Football zu spielen, in die NFL zu kommen, ist das <a href=\"https:\/\/www.americanfootballinternational.com\/what-exactly-is-the-nfl-international-pathway-player-program\/\">International Pathway Program<\/a> der NFL.<\/p>\n\n\n\n<p>Der Football in Deutschland w\u00e4chst und mit ihm das Spielniveau. Dies spiegelt sich in den letzten Jahren in einer h\u00f6heren Anzahl von in Deutschland geborenen Spielern in der NFL wider. Hoffentlich setzt sich dieser Trend fort, und wir werden immer mehr Deutsche in der National Football League sehen und k\u00f6nnen die Liste der Deutschen in der NFL erweitern.<\/p>\n\n\n\n<h3 class=\"wp-block-heading\">Sebastian Vollmer<\/h3>\n\n\n\n<p>Der erfolgreichste der Deutschen in der NFL. Er gewann 2 Super Bowl Titel mit den New England Patriots.<\/p>\n\n\n\n<p>Position: OT<\/p>\n\n\n\n<p>Teams:<\/p>\n\n\n\n<ul class=\"wp-block-list\">\n<li>D\u00fcsseldorf Panther (Deutschland)<\/li>\n\n\n\n<li>University of Houston<\/li>\n\n\n\n<li>New England Patriots (2. Runde Pick 58)<\/li>\n<\/ul>\n\n\n\n<h3 class=\"wp-block-heading\">Markus Kuhn<\/h3>\n\n\n\n<p>Der erste Deutsche, der in der NFL einen Touchdown erzielt.<\/p>\n\n\n\n<p>Position: DT<\/p>\n\n\n\n<p>Teams:<\/p>\n\n\n\n<ul class=\"wp-block-list\">\n<li>Weinheim Longhorns (Deutschland)<\/li>\n\n\n\n<li>North Carolina State University<\/li>\n\n\n\n<li>New York Giants (7. Runde Pick 239)<\/li>\n\n\n\n<li>New England Patriots<\/li>\n<\/ul>\n\n\n\n<h3 class=\"wp-block-heading\">Kasim Edebali<\/h3>\n\n\n\n<p>Geh\u00f6rte zu 9 verschiedenen Teams in der NFL.<\/p>\n\n\n\n<p>Position: DE<\/p>\n\n\n\n<p>Teams:<\/p>\n\n\n\n<ul class=\"wp-block-list\">\n<li>Hamburg Huskies (Deutschland)<\/li>\n\n\n\n<li>Kimball Union Academy<\/li>\n\n\n\n<li>Boston College<\/li>\n\n\n\n<li>New Orleans Saints<\/li>\n\n\n\n<li>Denver Broncos<\/li>\n\n\n\n<li>Detroit Lions<\/li>\n\n\n\n<li>Los Angeles Rams<\/li>\n\n\n\n<li>New Orleans Saints<\/li>\n\n\n\n<li>Chicago Bears<\/li>\n\n\n\n<li>Cincinnati Bengals<\/li>\n\n\n\n<li>Philadelphia Eagles<\/li>\n\n\n\n<li>Oakland Raiders<\/li>\n\n\n\n<li>Hamburg Sea Devils (ELF, Deutschland)<\/li>\n<\/ul>\n\n\n\n<h3 class=\"wp-block-heading\">Bj\u00f6rn Werner<\/h3>\n\n\n\n<p>Erster Deutscher, der in der ersten Runde des NFL Draft gedraftet wurde.<\/p>\n\n\n\n<p>Position: LB\/DE<\/p>\n\n\n\n<p>Teams:<\/p>\n\n\n\n<ul class=\"wp-block-list\">\n<li>Berlin Adler (Deutschland)<\/li>\n\n\n\n<li>Salisbury High School<\/li>\n\n\n\n<li>Florida State University<\/li>\n\n\n\n<li>Indianapolis Colts (1. Runde Pick 24)<\/li>\n\n\n\n<li>Jacksonville Jaguars<\/li>\n<\/ul>\n\n\n\n<h3 class=\"wp-block-heading\">Mark Nzeocha<\/h3>\n\n\n\n<p>Gewann mit Deutschland die Junioren-Europameisterschaft 2008.<\/p>\n\n\n\n<p>Position: LB<\/p>\n\n\n\n<p>Teams:<\/p>\n\n\n\n<ul class=\"wp-block-list\">\n<li>Franken Knights Rothenburg (Deutschland)<\/li>\n\n\n\n<li>University of Wyoming<\/li>\n\n\n\n<li>Dallas Cowboys (7. Runde Pick 236)<\/li>\n\n\n\n<li>San Francisco 49ers<\/li>\n<\/ul>\n\n\n\n<h3 class=\"wp-block-heading\">Moritz B\u00f6hringer<\/h3>\n\n\n\n<p>Erster Nicht-Amerikaner, der gedraftet wurde, ohne in den USA College Football zu spielen. Gedraftet f\u00fcr die Minnesota Vikings im Jahr 2016. Teil des Internation Pathway Programms im Jahr 2018.<\/p>\n\n\n\n<p>Position: WR\/TE<\/p>\n\n\n\n<p>Teams:<\/p>\n\n\n\n<ul class=\"wp-block-list\">\n<li>Crailsheim Titans (Deutschland)<\/li>\n\n\n\n<li>Schw\u00e4bisch Hall Unicorns (Deutschland)<\/li>\n\n\n\n<li>Minnesota Vikings (6. Runde Pick 180)<\/li>\n\n\n\n<li>Cincinnati Bengals<\/li>\n\n\n\n<li>Schw\u00e4bisch Hall Unicorns (Deutschland)<\/li>\n<\/ul>\n\n\n\n<h3 class=\"wp-block-heading\">Eric Nzeocha<\/h3>\n\n\n\n<p>Teil des International Pathway Programms im Jahr 2017.<\/p>\n\n\n\n<p>Position:&nbsp; LB<\/p>\n\n\n\n<p>Teams:<\/p>\n\n\n\n<ul class=\"wp-block-list\">\n<li>Franken Knights Rothenburg (Deutschland)<\/li>\n\n\n\n<li>University of Wyoming<\/li>\n\n\n\n<li>Tampa Bay Buccaneers<\/li>\n<\/ul>\n\n\n\n<h3 class=\"wp-block-heading\">Equanimeous St.Brown<\/h3>\n\n\n\n<p>Nicht in Deutschland geboren, hat aber eine deutsche Mutter und einen deutschen Pass. Wurde in der 6. Runde von den Green Bay Packers gedraftet.<\/p>\n\n\n\n<p>Position: WR<\/p>\n\n\n\n<p>Teams:<\/p>\n\n\n\n<ul class=\"wp-block-list\">\n<li>Servite High School<\/li>\n\n\n\n<li>Notre Dame University<\/li>\n\n\n\n<li>Green Bay Packers (6. Runde Pick 207)<\/li>\n\n\n\n<li>Chicago Bears<\/li>\n<\/ul>\n\n\n\n<h3 class=\"wp-block-heading\">Christopher Ezeala<\/h3>\n\n\n\n<p>Teil des International Pathway Program im Jahr 2018.<\/p>\n\n\n\n<p>Position: FB\/LB<\/p>\n\n\n\n<p>Teams:<\/p>\n\n\n\n<ul class=\"wp-block-list\">\n<li>Feldkirchen Lions (Deutschland)<\/li>\n\n\n\n<li>M\u00fcnchen Rangers (Deutschland)<\/li>\n\n\n\n<li>Ingolstadt Dukes (Deutschland)<\/li>\n\n\n\n<li>Allg\u00e4u Comets (Deutschland)<\/li>\n\n\n\n<li>Baltimore Ravens<\/li>\n\n\n\n<li>Cologne Centurions (ELF, Deutschland)<\/li>\n\n\n\n<li>Saskatchewan Roughriders (CFL, Kanada)<\/li>\n<\/ul>\n\n\n\n<h3 class=\"wp-block-heading\">Jakob Johnson<\/h3>\n\n\n\n<p>Teil des International Pathway Program im Jahr 2019. Spielte in seinem ersten Jahr in der NFL.<\/p>\n\n\n\n<p>Position: FB<\/p>\n\n\n\n<p>Teams:<\/p>\n\n\n\n<ul class=\"wp-block-list\">\n<li>Stuttgart Scorpions (Deutschland)<\/li>\n\n\n\n<li>Jean Ribault High School<\/li>\n\n\n\n<li>University of Tennessee<\/li>\n\n\n\n<li>New England Patriots<\/li>\n\n\n\n<li>Las Vegas Raiders<\/li>\n<\/ul>\n\n\n\n<h3 class=\"wp-block-heading\">David Bada<\/h3>\n\n\n\n<p>Teil des International Pathway Program im Jahr 2020.<\/p>\n\n\n\n<p>Position: DT<\/p>\n\n\n\n<p>Teams:<\/p>\n\n\n\n<ul class=\"wp-block-list\">\n<li>Munich Cowboys (Deutschland)<\/li>\n\n\n\n<li>Ingolstadt Dukes (Deutschland)<\/li>\n\n\n\n<li>Schw\u00e4bisch Hall Unicorns (Deutschland)<\/li>\n\n\n\n<li>Washington Football Team \/ Commanders<\/li>\n<\/ul>\n\n\n\n<h3 class=\"wp-block-heading\">Dominik Eberle<\/h3>\n\n\n\n<p>War Teil von 6 Teams in nur 3 Spielzeiten.<\/p>\n\n\n\n<p>Position: K<\/p>\n\n\n\n<p>Teams:<\/p>\n\n\n\n<ul class=\"wp-block-list\">\n<li>Redondo Union High School<\/li>\n\n\n\n<li>Utah State University<\/li>\n\n\n\n<li>Las Vegas Raiders<\/li>\n\n\n\n<li>Carolina Panthers<\/li>\n\n\n\n<li>Houston Texans<\/li>\n\n\n\n<li>Carolina Panthers<\/li>\n\n\n\n<li>Green Bay Packers<\/li>\n\n\n\n<li>Detroit Lions<\/li>\n<\/ul>\n\n\n\n<h3 class=\"wp-block-heading\">Amon-Ra St.Brown<\/h3>\n\n\n\n<p>Nicht in Deutschland geboren, hat aber eine deutsche Mutter und einen deutschen Pass. Wurde in der 4. Runde von den Detroit Lions gedraftet.<\/p>\n\n\n\n<p>Position: WR<\/p>\n\n\n\n<p>Teams:<\/p>\n\n\n\n<ul class=\"wp-block-list\">\n<li>Servite High School<\/li>\n\n\n\n<li>University of Southern California<\/li>\n\n\n\n<li>Detroit Lions (4. Runde Pick 112)<\/li>\n<\/ul>\n\n\n\n<h3 class=\"wp-block-heading\">Marcel Dabo<\/h3>\n\n\n\n<p>Teil des International Pathway Program im Jahr 2022.<\/p>\n\n\n\n<p>Position: DB<\/p>\n\n\n\n<p>Teams:<\/p>\n\n\n\n<ul class=\"wp-block-list\">\n<li>Red Knights T\u00fcbingen (Deutschland)<\/li>\n\n\n\n<li>Stuttgart Scorpions (Deutschland)<\/li>\n\n\n\n<li>Stuttgart Surge (ELF, Deutschland)<\/li>\n\n\n\n<li>Indianapolis Colts<\/li>\n<\/ul>\n\n\n\n<h3 class=\"wp-block-heading\">Michael Quarshie<\/h3>\n\n\n\n<p>Geboren in Deutschland, besitzt aber die finnische Staatsb\u00fcrgerschaft.<\/p>\n\n\n\n<p>Position: DT<\/p>\n\n\n\n<p>Teams:<\/p>\n\n\n\n<ul class=\"wp-block-list\">\n<li>Frankfurt Galaxy (NFL Europe)<\/li>\n\n\n\n<li>Oakland Raiders<\/li>\n\n\n\n<li>Porvoo Butchers (Finnland)<\/li>\n\n\n\n<li>Toronto Argonauts (CFL, Kanada)<\/li>\n<\/ul>\n\n\n\n<h3 class=\"wp-block-heading\">Samuel Gutekunst<\/h3>\n\n\n\n<p>Teil der NFL und NFL Europe.<\/p>\n\n\n\n<p>Position: OT<\/p>\n\n\n\n<p>Teams:<\/p>\n\n\n\n<ul class=\"wp-block-list\">\n<li>Saarland Hurricanes (Deutschland)<\/li>\n\n\n\n<li>Frankfurt Galaxy (NFL Europe)<\/li>\n\n\n\n<li>Baltimore Ravens<\/li>\n\n\n\n<li>Berlin Thunder (NFL Europe)<\/li>\n\n\n\n<li>Jacksonville Jaguars<\/li>\n\n\n\n<li>Seattle Seahawks<\/li>\n<\/ul>\n\n\n\n<h3 class=\"wp-block-heading\">Christian Mohr<\/h3>\n\n\n\n<p>Teil der NFL und NFL Europe.<\/p>\n\n\n\n<p>Position: DE<\/p>\n\n\n\n<p>Teams:<\/p>\n\n\n\n<ul class=\"wp-block-list\">\n<li>D\u00fcsseldorf Panther (Deutschland)<\/li>\n\n\n\n<li>Berlin Thunder (NFL Europe)<\/li>\n\n\n\n<li>Seattle Seahawks<\/li>\n\n\n\n<li>Berlin Thunder (NFL Europe)<\/li>\n\n\n\n<li>Seattle Seahawks<\/li>\n\n\n\n<li>Berlin Thunder (NFL Europe)<\/li>\n\n\n\n<li>Philadelphia Eagles<\/li>\n\n\n\n<li>Rhein Fire (NFL Europe)<\/li>\n<\/ul>\n\n\n\n<div style=\"height:30px\" aria-hidden=\"true\" class=\"wp-block-spacer\"><\/div>\n\n\n\n<figure class=\"wp-block-image size-large is-resized\"><a href=\"https:\/\/tlap-sports.com\/en\/american-football-blog\/\"><img loading=\"lazy\" decoding=\"async\" width=\"1024\" height=\"860\" src=\"https:\/\/tlap-sports.com\/en\/wp-content\/uploads\/sites\/3\/2022\/10\/T-LAP_LOGO_BLACK_RED_BIG_BLOG-1024x860.png\" alt=\"LOGO_Black_Red\" class=\"wp-image-5771\" style=\"width:256px;height:215px\" title=\"TLAP logo\" srcset=\"https:\/\/tlap-sports.com\/en\/wp-content\/uploads\/sites\/3\/2022\/10\/T-LAP_LOGO_BLACK_RED_BIG_BLOG-1024x860.png 1024w, https:\/\/tlap-sports.com\/en\/wp-content\/uploads\/sites\/3\/2022\/10\/T-LAP_LOGO_BLACK_RED_BIG_BLOG-300x252.png 300w, https:\/\/tlap-sports.com\/en\/wp-content\/uploads\/sites\/3\/2022\/10\/T-LAP_LOGO_BLACK_RED_BIG_BLOG-768x645.png 768w, https:\/\/tlap-sports.com\/en\/wp-content\/uploads\/sites\/3\/2022\/10\/T-LAP_LOGO_BLACK_RED_BIG_BLOG-1536x1291.png 1536w, https:\/\/tlap-sports.com\/en\/wp-content\/uploads\/sites\/3\/2022\/10\/T-LAP_LOGO_BLACK_RED_BIG_BLOG-2048x1721.png 2048w, https:\/\/tlap-sports.com\/en\/wp-content\/uploads\/sites\/3\/2022\/10\/T-LAP_LOGO_BLACK_RED_BIG_BLOG-200x168.png 200w, https:\/\/tlap-sports.com\/en\/wp-content\/uploads\/sites\/3\/2022\/10\/T-LAP_LOGO_BLACK_RED_BIG_BLOG-400x336.png 400w\" sizes=\"auto, (max-width: 1024px) 100vw, 1024px\" \/><\/a><\/figure>\n\n\n\n<div style=\"height:60px\" aria-hidden=\"true\" class=\"wp-block-spacer\"><\/div>\n","protected":false},"excerpt":{"rendered":"<p>Deutsche in der NFL English\/Deutsch Alle TLAP Blog Beitr\u00e4ge Dies ist eine Liste mit allen deutschen Spielern, die in der NFL sind oder waren. Der effektivste Weg, um in die NFL zu kommen, ist College Football in den USA zu spielen. Dazu ist es gut, mindestens ein Jahr Highschool-Football zu spielen, um mit College-Coaches in &hellip;<\/p>\n<p class=\"read-more\"> <a class=\"\" href=\"https:\/\/tlap-sports.com\/en\/deutsche-in-der-nfl\/\"> <span class=\"screen-reader-text\">Deutsche in der NFL<\/span> Read More &raquo;<\/a><\/p>\n","protected":false},"author":1,"featured_media":0,"parent":0,"menu_order":0,"comment_status":"closed","ping_status":"closed","template":"","meta":{"prwc_products":"","prwc_not_all_products_required":false,"prwc_not_bought_page":"","prwc_redirect_not_bought":false,"prwc_not_logged_in_page":"","prwc_redirect_not_logged_in":false,"prwc_timeout_days":0,"prwc_timeout_hours":0,"prwc_timeout_minutes":0,"prwc_timeout_seconds":0,"prwc_timeout_views":0,"pmpro_default_level":"","site-sidebar-layout":"default","site-content-layout":"default","ast-global-header-display":"","ast-banner-title-visibility":"","ast-main-header-display":"","ast-hfb-above-header-display":"","ast-hfb-below-header-display":"","ast-hfb-mobile-header-display":"","site-post-title":"","ast-breadcrumbs-content":"","ast-featured-img":"","footer-sml-layout":"","theme-transparent-header-meta":"","adv-header-id-meta":"","stick-header-meta":"","header-above-stick-meta":"","header-main-stick-meta":"","header-below-stick-meta":"","footnotes":""},"class_list":["post-5798","page","type-page","status-publish","hentry","pmpro-has-access"],"yoast_head":"<!-- This site is optimized with the Yoast SEO plugin v26.6 - https:\/\/yoast.com\/wordpress\/plugins\/seo\/ -->\n<title>Deutsche in der NFL - TLAP Sports english<\/title>\n<meta name=\"description\" content=\"Dieser Blog zeigt Deutsche in der NFL. Da Football immer popul\u00e4rer wird, hoffen wir, dass diese Liste erweitert wird.\" \/>\n<meta name=\"robots\" content=\"index, follow, max-snippet:-1, max-image-preview:large, max-video-preview:-1\" \/>\n<link rel=\"canonical\" href=\"https:\/\/tlap-sports.com\/en\/deutsche-in-der-nfl\/\" \/>\n<meta property=\"og:locale\" content=\"en_US\" \/>\n<meta property=\"og:type\" content=\"article\" \/>\n<meta property=\"og:title\" content=\"Deutsche in der NFL - TLAP Sports english\" \/>\n<meta property=\"og:description\" content=\"Dieser Blog zeigt Deutsche in der NFL. Da Football immer popul\u00e4rer wird, hoffen wir, dass diese Liste erweitert wird.\" \/>\n<meta property=\"og:url\" content=\"https:\/\/tlap-sports.com\/en\/deutsche-in-der-nfl\/\" \/>\n<meta property=\"og:site_name\" content=\"TLAP Sports english\" \/>\n<meta property=\"article:modified_time\" content=\"2024-08-18T13:27:06+00:00\" \/>\n<meta property=\"og:image\" content=\"https:\/\/tlap-sports.com\/en\/wp-content\/uploads\/sites\/3\/2022\/10\/T-LAP_LOGO_BLACK_RED_BIG_BLOG-1024x860.png\" \/>\n<meta name=\"twitter:card\" content=\"summary_large_image\" \/>\n<meta name=\"twitter:label1\" content=\"Est. reading time\" \/>\n\t<meta name=\"twitter:data1\" content=\"4 minutes\" \/>\n<script type=\"application\/ld+json\" class=\"yoast-schema-graph\">{\"@context\":\"https:\/\/schema.org\",\"@graph\":[{\"@type\":\"WebPage\",\"@id\":\"https:\/\/tlap-sports.com\/en\/deutsche-in-der-nfl\/\",\"url\":\"https:\/\/tlap-sports.com\/en\/deutsche-in-der-nfl\/\",\"name\":\"Deutsche in der NFL - TLAP Sports english\",\"isPartOf\":{\"@id\":\"https:\/\/tlap-sports.com\/en\/#website\"},\"primaryImageOfPage\":{\"@id\":\"https:\/\/tlap-sports.com\/en\/deutsche-in-der-nfl\/#primaryimage\"},\"image\":{\"@id\":\"https:\/\/tlap-sports.com\/en\/deutsche-in-der-nfl\/#primaryimage\"},\"thumbnailUrl\":\"https:\/\/tlap-sports.com\/en\/wp-content\/uploads\/sites\/3\/2022\/10\/T-LAP_LOGO_BLACK_RED_BIG_BLOG-1024x860.png\",\"datePublished\":\"2022-10-25T17:02:14+00:00\",\"dateModified\":\"2024-08-18T13:27:06+00:00\",\"description\":\"Dieser Blog zeigt Deutsche in der NFL. Da Football immer popul\u00e4rer wird, hoffen wir, dass diese Liste erweitert wird.\",\"breadcrumb\":{\"@id\":\"https:\/\/tlap-sports.com\/en\/deutsche-in-der-nfl\/#breadcrumb\"},\"inLanguage\":\"en-US\",\"potentialAction\":[{\"@type\":\"ReadAction\",\"target\":[\"https:\/\/tlap-sports.com\/en\/deutsche-in-der-nfl\/\"]}]},{\"@type\":\"ImageObject\",\"inLanguage\":\"en-US\",\"@id\":\"https:\/\/tlap-sports.com\/en\/deutsche-in-der-nfl\/#primaryimage\",\"url\":\"https:\/\/tlap-sports.com\/en\/wp-content\/uploads\/sites\/3\/2022\/10\/T-LAP_LOGO_BLACK_RED_BIG_BLOG.png\",\"contentUrl\":\"https:\/\/tlap-sports.com\/en\/wp-content\/uploads\/sites\/3\/2022\/10\/T-LAP_LOGO_BLACK_RED_BIG_BLOG.png\",\"width\":2491,\"height\":2093,\"caption\":\"LOGO_Black_Red\"},{\"@type\":\"BreadcrumbList\",\"@id\":\"https:\/\/tlap-sports.com\/en\/deutsche-in-der-nfl\/#breadcrumb\",\"itemListElement\":[{\"@type\":\"ListItem\",\"position\":1,\"name\":\"Home\",\"item\":\"https:\/\/tlap-sports.com\/en\/\"},{\"@type\":\"ListItem\",\"position\":2,\"name\":\"Deutsche in der NFL\"}]},{\"@type\":\"WebSite\",\"@id\":\"https:\/\/tlap-sports.com\/en\/#website\",\"url\":\"https:\/\/tlap-sports.com\/en\/\",\"name\":\"TLAP Sports english\",\"description\":\"Train like a pro no matter what background and resources you have\",\"publisher\":{\"@id\":\"https:\/\/tlap-sports.com\/en\/#organization\"},\"potentialAction\":[{\"@type\":\"SearchAction\",\"target\":{\"@type\":\"EntryPoint\",\"urlTemplate\":\"https:\/\/tlap-sports.com\/en\/?s={search_term_string}\"},\"query-input\":{\"@type\":\"PropertyValueSpecification\",\"valueRequired\":true,\"valueName\":\"search_term_string\"}}],\"inLanguage\":\"en-US\"},{\"@type\":\"Organization\",\"@id\":\"https:\/\/tlap-sports.com\/en\/#organization\",\"name\":\"TLAP Sports english\",\"url\":\"https:\/\/tlap-sports.com\/en\/\",\"logo\":{\"@type\":\"ImageObject\",\"inLanguage\":\"en-US\",\"@id\":\"https:\/\/tlap-sports.com\/en\/#\/schema\/logo\/image\/\",\"url\":\"https:\/\/tlap-sports.com\/en\/wp-content\/uploads\/sites\/3\/2025\/09\/cropped-logo-tlap-sports-white-red.png\",\"contentUrl\":\"https:\/\/tlap-sports.com\/en\/wp-content\/uploads\/sites\/3\/2025\/09\/cropped-logo-tlap-sports-white-red.png\",\"width\":\"1331\",\"height\":\"1420\",\"caption\":\"TLAP Sports english\"},\"image\":{\"@id\":\"https:\/\/tlap-sports.com\/en\/#\/schema\/logo\/image\/\"}}]}<\/script>\n<!-- \/ Yoast SEO plugin. -->","yoast_head_json":{"title":"Deutsche in der NFL - TLAP Sports english","description":"Dieser Blog zeigt Deutsche in der NFL. Da Football immer popul\u00e4rer wird, hoffen wir, dass diese Liste erweitert wird.","robots":{"index":"index","follow":"follow","max-snippet":"max-snippet:-1","max-image-preview":"max-image-preview:large","max-video-preview":"max-video-preview:-1"},"canonical":"https:\/\/tlap-sports.com\/en\/deutsche-in-der-nfl\/","og_locale":"en_US","og_type":"article","og_title":"Deutsche in der NFL - TLAP Sports english","og_description":"Dieser Blog zeigt Deutsche in der NFL. Da Football immer popul\u00e4rer wird, hoffen wir, dass diese Liste erweitert wird.","og_url":"https:\/\/tlap-sports.com\/en\/deutsche-in-der-nfl\/","og_site_name":"TLAP Sports english","article_modified_time":"2024-08-18T13:27:06+00:00","og_image":[{"url":"https:\/\/tlap-sports.com\/en\/wp-content\/uploads\/sites\/3\/2022\/10\/T-LAP_LOGO_BLACK_RED_BIG_BLOG-1024x860.png","type":"","width":"","height":""}],"twitter_card":"summary_large_image","twitter_misc":{"Est. reading time":"4 minutes"},"schema":{"@context":"https:\/\/schema.org","@graph":[{"@type":"WebPage","@id":"https:\/\/tlap-sports.com\/en\/deutsche-in-der-nfl\/","url":"https:\/\/tlap-sports.com\/en\/deutsche-in-der-nfl\/","name":"Deutsche in der NFL - TLAP Sports english","isPartOf":{"@id":"https:\/\/tlap-sports.com\/en\/#website"},"primaryImageOfPage":{"@id":"https:\/\/tlap-sports.com\/en\/deutsche-in-der-nfl\/#primaryimage"},"image":{"@id":"https:\/\/tlap-sports.com\/en\/deutsche-in-der-nfl\/#primaryimage"},"thumbnailUrl":"https:\/\/tlap-sports.com\/en\/wp-content\/uploads\/sites\/3\/2022\/10\/T-LAP_LOGO_BLACK_RED_BIG_BLOG-1024x860.png","datePublished":"2022-10-25T17:02:14+00:00","dateModified":"2024-08-18T13:27:06+00:00","description":"Dieser Blog zeigt Deutsche in der NFL. Da Football immer popul\u00e4rer wird, hoffen wir, dass diese Liste erweitert wird.","breadcrumb":{"@id":"https:\/\/tlap-sports.com\/en\/deutsche-in-der-nfl\/#breadcrumb"},"inLanguage":"en-US","potentialAction":[{"@type":"ReadAction","target":["https:\/\/tlap-sports.com\/en\/deutsche-in-der-nfl\/"]}]},{"@type":"ImageObject","inLanguage":"en-US","@id":"https:\/\/tlap-sports.com\/en\/deutsche-in-der-nfl\/#primaryimage","url":"https:\/\/tlap-sports.com\/en\/wp-content\/uploads\/sites\/3\/2022\/10\/T-LAP_LOGO_BLACK_RED_BIG_BLOG.png","contentUrl":"https:\/\/tlap-sports.com\/en\/wp-content\/uploads\/sites\/3\/2022\/10\/T-LAP_LOGO_BLACK_RED_BIG_BLOG.png","width":2491,"height":2093,"caption":"LOGO_Black_Red"},{"@type":"BreadcrumbList","@id":"https:\/\/tlap-sports.com\/en\/deutsche-in-der-nfl\/#breadcrumb","itemListElement":[{"@type":"ListItem","position":1,"name":"Home","item":"https:\/\/tlap-sports.com\/en\/"},{"@type":"ListItem","position":2,"name":"Deutsche in der NFL"}]},{"@type":"WebSite","@id":"https:\/\/tlap-sports.com\/en\/#website","url":"https:\/\/tlap-sports.com\/en\/","name":"TLAP Sports english","description":"Train like a pro no matter what background and resources you have","publisher":{"@id":"https:\/\/tlap-sports.com\/en\/#organization"},"potentialAction":[{"@type":"SearchAction","target":{"@type":"EntryPoint","urlTemplate":"https:\/\/tlap-sports.com\/en\/?s={search_term_string}"},"query-input":{"@type":"PropertyValueSpecification","valueRequired":true,"valueName":"search_term_string"}}],"inLanguage":"en-US"},{"@type":"Organization","@id":"https:\/\/tlap-sports.com\/en\/#organization","name":"TLAP Sports english","url":"https:\/\/tlap-sports.com\/en\/","logo":{"@type":"ImageObject","inLanguage":"en-US","@id":"https:\/\/tlap-sports.com\/en\/#\/schema\/logo\/image\/","url":"https:\/\/tlap-sports.com\/en\/wp-content\/uploads\/sites\/3\/2025\/09\/cropped-logo-tlap-sports-white-red.png","contentUrl":"https:\/\/tlap-sports.com\/en\/wp-content\/uploads\/sites\/3\/2025\/09\/cropped-logo-tlap-sports-white-red.png","width":"1331","height":"1420","caption":"TLAP Sports english"},"image":{"@id":"https:\/\/tlap-sports.com\/en\/#\/schema\/logo\/image\/"}}]}},"_links":{"self":[{"href":"https:\/\/tlap-sports.com\/en\/wp-json\/wp\/v2\/pages\/5798","targetHints":{"allow":["GET"]}}],"collection":[{"href":"https:\/\/tlap-sports.com\/en\/wp-json\/wp\/v2\/pages"}],"about":[{"href":"https:\/\/tlap-sports.com\/en\/wp-json\/wp\/v2\/types\/page"}],"author":[{"embeddable":true,"href":"https:\/\/tlap-sports.com\/en\/wp-json\/wp\/v2\/users\/1"}],"replies":[{"embeddable":true,"href":"https:\/\/tlap-sports.com\/en\/wp-json\/wp\/v2\/comments?post=5798"}],"version-history":[{"count":7,"href":"https:\/\/tlap-sports.com\/en\/wp-json\/wp\/v2\/pages\/5798\/revisions"}],"predecessor-version":[{"id":7934,"href":"https:\/\/tlap-sports.com\/en\/wp-json\/wp\/v2\/pages\/5798\/revisions\/7934"}],"wp:attachment":[{"href":"https:\/\/tlap-sports.com\/en\/wp-json\/wp\/v2\/media?parent=5798"}],"curies":[{"name":"wp","href":"https:\/\/api.w.org\/{rel}","templated":true}]}}