{"id":5674,"date":"2022-10-21T15:30:20","date_gmt":"2022-10-21T15:30:20","guid":{"rendered":"https:\/\/tlap-sports.com\/en\/?page_id=5674"},"modified":"2024-08-18T13:26:33","modified_gmt":"2024-08-18T13:26:33","slug":"wochenplan-eines-nfl-spielers","status":"publish","type":"page","link":"https:\/\/tlap-sports.com\/en\/wochenplan-eines-nfl-spielers\/","title":{"rendered":"Wochenplan eines NFL Spielers"},"content":{"rendered":"\n<div style=\"height:30px\" aria-hidden=\"true\" class=\"wp-block-spacer\"><\/div>\n\n\n\n<h1 class=\"wp-block-heading has-text-align-center\"><strong>Wochenplan eines NFL Spielers<\/strong><\/h1>\n\n\n\n<p><a href=\"https:\/\/tlap-sports.com\/en\/weekly-schedule-of-an-nfl-player\/\">English<\/a>\/<a href=\"https:\/\/tlap-sports.com\/en\/wochenplan-eines-nfl-spielers\/\">Deutsch<\/a><\/p>\n\n\n\n<p><strong><a href=\"https:\/\/tlap-sports.com\/en\/american-football-blog\/\" target=\"_blank\" rel=\"noreferrer noopener\">Alle TLAP Blog Beitr\u00e4ge<\/a><\/strong><\/p>\n\n\n\n<p>Generell kann die Football Saison in 3 Phasen unterteilt werden und damit in 3 NFL Wochenpl\u00e4ne. Die Offseason startet nach dem Ende des letzten Spiels (hoffentlich nach dem Gewinn des Super Bowls). Diese Zeit hat ein Spieler frei zur Verf\u00fcgung, das Ziel ist eine Erholung von der langen Saison. Au\u00dferdem wollen Spieler st\u00e4rker und schneller werden f\u00fcr den Beginn des Training Camps. Vor der Saison findet das Training Camp statt, in dieser Zeit wird das Team geformt und der finale Kader zusammengestellt. W\u00e4hrend der Saison ist der Fokus auf der besten Leistung bei den Spielen am Sonntag und der Wochenplan ist darauf ausgerichtet.<\/p>\n\n\n\n<h2 class=\"wp-block-heading\">In der Offseason<\/h2>\n\n\n\n<p>In der Offseason muss sich ein NFL-Spieler selbst um Trainingsm\u00f6glichkeiten k\u00fcmmern. Der am h\u00e4ufigsten gew\u00e4hlte weg ist dabei eine Zeit der Offseason in einer Trainingseinrichtung zu verbringen. Diese sind speziell auf das Offseaon Training von Athleten ausgelegt und beinhalten meistens auch die Verpflegung der Sportler. Diese Einrichtungen sind allerding sehr kostenintensiv, was vor allem junge Spieler dazu bringt einige Zeit in der Facility des jeweiligen Clubs oder an ihrer ehemaligen Universit\u00e4t zu verbringen, um Kosten zu sparen. Generell ist die Woche f\u00fcr einen Spieler wie folgt aufgeteilt.<\/p>\n\n\n\n<p><strong>Montag:<\/strong><\/p>\n\n\n\n<p>Vormittag: typischerweise <a href=\"https:\/\/tlap-sports.com\/en\/videos\/speed-acceleration-explosive#speed-acceleration-explosive\">Speed und Beschleunigungseinheiten<\/a> gefolgt von einer Gewichtseinheit im Gym<\/p>\n\n\n\n<p>Nachmittag: <a href=\"https:\/\/tlap-sports.com\/en\/videos\/football-drills#football-drills\">Positionsspezifischen Drills<\/a><\/p>\n\n\n\n<p><strong>Dienstag:<\/strong><\/p>\n\n\n\n<p>Vormittag: typischerweise <a href=\"https:\/\/tlap-sports.com\/en\/videos\/agility-drills#agility-drills\">Agility<\/a> und <a href=\"https:\/\/tlap-sports.com\/en\/condition-drills#conditioning-drills\">Kardioeinheiten<\/a> gefolgt von einer Gewichtseinheit im Gym<\/p>\n\n\n\n<p>Nachmittag: <a href=\"https:\/\/tlap-sports.com\/en\/videos\/football-drills#football-drills\">Positionsspezifischen Drill<\/a><\/p>\n\n\n\n<p><strong>Mittwoch:<\/strong><\/p>\n\n\n\n<p>Vormittag: <a href=\"https:\/\/tlap-sports.com\/en\/yoga-stretching\/\">Yoga<\/a> zum Entspannen<\/p>\n\n\n\n<p>Nachmittag: meistens frei, manchmal zus\u00e4tzliche Positionsspezifische Drills<\/p>\n\n\n\n<p><strong>Donnerstag:<\/strong><\/p>\n\n\n\n<p>Vormittag: typischerweise <a href=\"https:\/\/tlap-sports.com\/en\/videos\/speed-acceleration-explosive#speed-acceleration-explosive\">Speed und Beschleunigungseinheiten<\/a> gefolgt von einer Gewichtseinheit im Gym<\/p>\n\n\n\n<p>Nachmittag: <a href=\"https:\/\/tlap-sports.com\/en\/videos\/football-drills#football-drills\">Positionsspezifischen Drills<\/a><\/p>\n\n\n\n<p><strong>Freitag:<\/strong><\/p>\n\n\n\n<p>Vormittag: typischerweise <a href=\"https:\/\/tlap-sports.com\/en\/videos\/agility-drills#agility-drills\">Agility<\/a> und <a href=\"https:\/\/tlap-sports.com\/en\/condition-drills#conditioning-drills\">Kardioeinheiten<\/a> gefolgt von einer Gewichtseinheit im Gym<\/p>\n\n\n\n<p>Nachmittag: <a href=\"https:\/\/tlap-sports.com\/en\/videos\/football-drills#football-drills\">Positionsspezifischen Drills<\/a><\/p>\n\n\n\n<p><strong>Samstag:<\/strong><\/p>\n\n\n\n<p>Frei und Zeit zum <a href=\"https:\/\/tlap-sports.com\/en\/football\/recovery\/\">Entspannen\/Recovery<\/a><\/p>\n\n\n\n<p><strong>Sonntag:<\/strong><\/p>\n\n\n\n<p>Frei und Zeit zum <a href=\"https:\/\/tlap-sports.com\/en\/football\/recovery\/\">Entspannen\/Recovery<\/a><\/p>\n\n\n\n<p>Da die Offseason jedoch von jedem Spieler selbst geplant wird, kann sich der individuelle Plan sehr stark von einem Spieler zum anderen Unterscheiden. Vor allem die ersten Wochen der Offseason werden genutzt, um in der Saison entstandene Verletzungen auszuheilen oder Operationen zu erhalten. Danach steht erst einmal eine Zeit mit weniger Belastung und mehr Fokus auf Physiotherapie und Verletzungsvorbeugenden \u00dcbungen an. Au\u00dferdem ist es wichtig in der Offseason Zeit mit Familie und Freunden zu verbringen um auch die mentale Erm\u00fcdung die eine NFL Saison mit sich bringt auszugleichen.<\/p>\n\n\n\n<h2 class=\"wp-block-heading\">Im Training Camp<\/h2>\n\n\n\n<p>Im Trainings Camp ist ein NFL Spieler den ganzen Tag mit Football besch\u00e4ftigt. Normalerweise wird dieser Wochenplan vom Beginn des Camps, Ende Juli bis zum ersten Preseason Spiel Mitte August verwendet. Es stehen 5 Tage in Folge, die als Arbeitstage bezeichnet werden auf dem Plan, gefolgt von einem Pause Tag. Auf diesen Folgen dann wieder 5 Arbeitstage und so weiter bis zum Ende des Training Camps. In den 90er Jahren und fr\u00fcher gab es in der NFL noch 2-mal am Tag Teamtraining auf dem Feld, die sogenannten 2-a-days. Diese wurden aber wegen erh\u00f6htem Verletzungsrisiko verboten und die erste Einheit durch ein Walkthrough ersetzt. Im Trainingscamp finden fast alle Teamtrainings mit voller Ausr\u00fcstung (Pads und Helm) statt und es gibt auch Einheiten in denen es vollen Kontakt (Tacklen) gibt.<\/p>\n\n\n\n<p><strong>Arbeitstag:<\/strong><\/p>\n\n\n\n<p>6:00 Aufstehen und Anfahrt zur Facility<\/p>\n\n\n\n<p>6:30 Fr\u00fchst\u00fcck<\/p>\n\n\n\n<p>7:00 Erste Meetings<\/p>\n\n\n\n<p>8:00 Lift oder mehr Meetings<\/p>\n\n\n\n<p>10:00 Walkthrough auf dem Feld<\/p>\n\n\n\n<p>12:00 Meetings<\/p>\n\n\n\n<p>12:30 Mittagessen und Relaxen<\/p>\n\n\n\n<p>14:00 Training auf dem Feld<\/p>\n\n\n\n<p>18:00 Abendessen<\/p>\n\n\n\n<p>19:00 Meetings<\/p>\n\n\n\n<p>21:30 Snack<\/p>\n\n\n\n<p>22:00 Schlafen<\/p>\n\n\n\n<p><strong>Pausetag:<\/strong><\/p>\n\n\n\n<p>1 Tag Pause zum Erholen<\/p>\n\n\n\n<p>Meistens zur Facility f\u00fcr Hot\/Cold Tub, Sauna, Massage<\/p>\n\n\n\n<h2 class=\"wp-block-heading\">NFL Wochenplan in der Season<\/h2>\n\n\n\n<p>W\u00e4hrend der Saison ist der NFL Wochenplan strikt getaktet und vom Team vorgegeben. Der folgende Wochenplan entspricht einer regul\u00e4ren Woche mit Spiel am Sonntag. Der Plan variiert bei Spielen die am Donnerstag oder Montag stattfinden.<\/p>\n\n\n\n<p><strong>Montag:<\/strong><\/p>\n\n\n\n<p>8:00 Optionales Fr\u00fchst\u00fcck, danach Zeit f\u00fcr Recovery\/Treatment<\/p>\n\n\n\n<p>10:00 Lift, meistens mit Fokus auf Unterk\u00f6rper<\/p>\n\n\n\n<p>12:00 Mittagessen<\/p>\n\n\n\n<p>13:00 Meeting<\/p>\n\n\n\n<p><strong>Dienstag:<\/strong><\/p>\n\n\n\n<p>Freier Tag, wir zum <a href=\"https:\/\/tlap-sports.com\/en\/football\/recovery\/\">Erholen\/Treatment<\/a> genutzt oder f\u00fcr zus\u00e4tzlichen Lift (z.B. <a href=\"https:\/\/tlap-sports.com\/en\/videos\/upper-body#videos-arms\">Arme<\/a>)<\/p>\n\n\n\n<p><strong>Mittwoch:<\/strong><\/p>\n\n\n\n<p>6:30 Fr\u00fchst\u00fcck<\/p>\n\n\n\n<p>7:00 Meetings<\/p>\n\n\n\n<p>9:30 Walkthrough<\/p>\n\n\n\n<p>11:30 Meetings<\/p>\n\n\n\n<p>12:00 Mittagessen<\/p>\n\n\n\n<p>14:00 Training<\/p>\n\n\n\n<p>16:30 <a href=\"https:\/\/tlap-sports.com\/en\/football\/recovery\/\">Treatment\/Recovery<\/a>\/Snack<\/p>\n\n\n\n<p>17:00 Meeting<\/p>\n\n\n\n<p>18:30 Abendessen<\/p>\n\n\n\n<p><strong>Donnerstag:<\/strong><\/p>\n\n\n\n<p>6:30 Fr\u00fchst\u00fcck<\/p>\n\n\n\n<p>7:00 Lift<\/p>\n\n\n\n<p>8:00 Meetings<\/p>\n\n\n\n<p>9:30 Walkthrough<\/p>\n\n\n\n<p>11:00 Meetings<\/p>\n\n\n\n<p>11:30 Mittagessen<\/p>\n\n\n\n<p>13:00 Training<\/p>\n\n\n\n<p>15:30 <a href=\"https:\/\/tlap-sports.com\/en\/football\/recovery\/\">Treatment\/Recovery<\/a>\/Snack<\/p>\n\n\n\n<p>16:00 Meeting<\/p>\n\n\n\n<p>17:30 Abendessen<\/p>\n\n\n\n<p><strong>Freitag:<\/strong><\/p>\n\n\n\n<p>6:30 Fr\u00fchst\u00fcck<\/p>\n\n\n\n<p>7:00 Meetings<\/p>\n\n\n\n<p>9:30 Training<\/p>\n\n\n\n<p>11:00 Meetings<\/p>\n\n\n\n<p>12:30 Mittagessen<\/p>\n\n\n\n<p><strong>Samstag:<\/strong><\/p>\n\n\n\n<p>7:00 Fr\u00fchst\u00fcck<\/p>\n\n\n\n<p>7:30 Meetings\/Lift (Offense Lift-Defense Meeting dann umgekehrt)<\/p>\n\n\n\n<p>10:00 Walkthrough<\/p>\n\n\n\n<p>12:30 Mittagessen<\/p>\n\n\n\n<p>13:30 Flug zum Spiel (Ausw\u00e4rtsspiel), Ausruhen (Heimspiel)<\/p>\n\n\n\n<p>17:30 Meetings in Hotel<\/p>\n\n\n\n<p>22:00 Bettencheck<\/p>\n\n\n\n<p><strong>Sonntag:<\/strong><\/p>\n\n\n\n<p>Spiel Ankunft am Stadion circa 2,5 Stunden vor Spielbeginn<\/p>\n\n\n\n<p>Nach dem Spiel Flug zur\u00fcck nach Hause (Ausw\u00e4rtsspiel)<\/p>\n\n\n\n<div style=\"height:30px\" aria-hidden=\"true\" class=\"wp-block-spacer\"><\/div>\n\n\n\n<figure class=\"wp-block-image size-large is-resized\"><a href=\"https:\/\/tlap-sports.com\/en\/american-football-blog\/\"><img loading=\"lazy\" decoding=\"async\" width=\"1024\" height=\"860\" src=\"https:\/\/tlap-sports.com\/en\/wp-content\/uploads\/sites\/3\/2022\/10\/T-LAP_LOGO_BLACK_RED_BIG_BLOG-1024x860.png\" alt=\"LOGO_Black_Red\" class=\"wp-image-5771\" style=\"width:256px;height:215px\" title=\"TLAP logo\" srcset=\"https:\/\/tlap-sports.com\/en\/wp-content\/uploads\/sites\/3\/2022\/10\/T-LAP_LOGO_BLACK_RED_BIG_BLOG-1024x860.png 1024w, https:\/\/tlap-sports.com\/en\/wp-content\/uploads\/sites\/3\/2022\/10\/T-LAP_LOGO_BLACK_RED_BIG_BLOG-300x252.png 300w, https:\/\/tlap-sports.com\/en\/wp-content\/uploads\/sites\/3\/2022\/10\/T-LAP_LOGO_BLACK_RED_BIG_BLOG-768x645.png 768w, https:\/\/tlap-sports.com\/en\/wp-content\/uploads\/sites\/3\/2022\/10\/T-LAP_LOGO_BLACK_RED_BIG_BLOG-1536x1291.png 1536w, https:\/\/tlap-sports.com\/en\/wp-content\/uploads\/sites\/3\/2022\/10\/T-LAP_LOGO_BLACK_RED_BIG_BLOG-2048x1721.png 2048w, https:\/\/tlap-sports.com\/en\/wp-content\/uploads\/sites\/3\/2022\/10\/T-LAP_LOGO_BLACK_RED_BIG_BLOG-200x168.png 200w, https:\/\/tlap-sports.com\/en\/wp-content\/uploads\/sites\/3\/2022\/10\/T-LAP_LOGO_BLACK_RED_BIG_BLOG-400x336.png 400w\" sizes=\"auto, (max-width: 1024px) 100vw, 1024px\" \/><\/a><\/figure>\n\n\n\n<div style=\"height:60px\" aria-hidden=\"true\" class=\"wp-block-spacer\"><\/div>\n","protected":false},"excerpt":{"rendered":"<p>Wochenplan eines NFL Spielers English\/Deutsch Alle TLAP Blog Beitr\u00e4ge Generell kann die Football Saison in 3 Phasen unterteilt werden und damit in 3 NFL Wochenpl\u00e4ne. Die Offseason startet nach dem Ende des letzten Spiels (hoffentlich nach dem Gewinn des Super Bowls). Diese Zeit hat ein Spieler frei zur Verf\u00fcgung, das Ziel ist eine Erholung von &hellip;<\/p>\n<p class=\"read-more\"> <a class=\"\" href=\"https:\/\/tlap-sports.com\/en\/wochenplan-eines-nfl-spielers\/\"> <span class=\"screen-reader-text\">Wochenplan eines NFL Spielers<\/span> Read More &raquo;<\/a><\/p>\n","protected":false},"author":1,"featured_media":0,"parent":0,"menu_order":0,"comment_status":"closed","ping_status":"closed","template":"","meta":{"prwc_products":"","prwc_not_all_products_required":false,"prwc_not_bought_page":"","prwc_redirect_not_bought":false,"prwc_not_logged_in_page":"","prwc_redirect_not_logged_in":false,"prwc_timeout_days":0,"prwc_timeout_hours":0,"prwc_timeout_minutes":0,"prwc_timeout_seconds":0,"prwc_timeout_views":0,"pmpro_default_level":"","site-sidebar-layout":"default","site-content-layout":"default","ast-global-header-display":"","ast-banner-title-visibility":"","ast-main-header-display":"","ast-hfb-above-header-display":"","ast-hfb-below-header-display":"","ast-hfb-mobile-header-display":"","site-post-title":"","ast-breadcrumbs-content":"","ast-featured-img":"","footer-sml-layout":"","theme-transparent-header-meta":"","adv-header-id-meta":"","stick-header-meta":"","header-above-stick-meta":"","header-main-stick-meta":"","header-below-stick-meta":"","footnotes":""},"class_list":["post-5674","page","type-page","status-publish","hentry","pmpro-has-access"],"yoast_head":"<!-- This site is optimized with the Yoast SEO plugin v26.6 - https:\/\/yoast.com\/wordpress\/plugins\/seo\/ -->\n<title>Wochenplan eines NFL Spielers - TLAP Sports english<\/title>\n<meta name=\"description\" content=\"Du wolltest schon immer wissen, wie der Wochenplan eines NFL-Spielers aussieht? Hier ist der allgemeine \u00dcberblick \u00fcber den ein Jahr\" \/>\n<meta name=\"robots\" content=\"index, follow, max-snippet:-1, max-image-preview:large, max-video-preview:-1\" \/>\n<link rel=\"canonical\" href=\"https:\/\/tlap-sports.com\/en\/wochenplan-eines-nfl-spielers\/\" \/>\n<meta property=\"og:locale\" content=\"en_US\" \/>\n<meta property=\"og:type\" content=\"article\" \/>\n<meta property=\"og:title\" content=\"Wochenplan eines NFL Spielers - TLAP Sports english\" \/>\n<meta property=\"og:description\" content=\"Du wolltest schon immer wissen, wie der Wochenplan eines NFL-Spielers aussieht? Hier ist der allgemeine \u00dcberblick \u00fcber den ein Jahr\" \/>\n<meta property=\"og:url\" content=\"https:\/\/tlap-sports.com\/en\/wochenplan-eines-nfl-spielers\/\" \/>\n<meta property=\"og:site_name\" content=\"TLAP Sports english\" \/>\n<meta property=\"article:modified_time\" content=\"2024-08-18T13:26:33+00:00\" \/>\n<meta property=\"og:image\" content=\"https:\/\/tlap-sports.com\/en\/wp-content\/uploads\/sites\/3\/2022\/10\/T-LAP_LOGO_BLACK_RED_BIG_BLOG-1024x860.png\" \/>\n<meta name=\"twitter:card\" content=\"summary_large_image\" \/>\n<meta name=\"twitter:label1\" content=\"Est. reading time\" \/>\n\t<meta name=\"twitter:data1\" content=\"4 minutes\" \/>\n<script type=\"application\/ld+json\" class=\"yoast-schema-graph\">{\"@context\":\"https:\/\/schema.org\",\"@graph\":[{\"@type\":\"WebPage\",\"@id\":\"https:\/\/tlap-sports.com\/en\/wochenplan-eines-nfl-spielers\/\",\"url\":\"https:\/\/tlap-sports.com\/en\/wochenplan-eines-nfl-spielers\/\",\"name\":\"Wochenplan eines NFL Spielers - TLAP Sports english\",\"isPartOf\":{\"@id\":\"https:\/\/tlap-sports.com\/en\/#website\"},\"primaryImageOfPage\":{\"@id\":\"https:\/\/tlap-sports.com\/en\/wochenplan-eines-nfl-spielers\/#primaryimage\"},\"image\":{\"@id\":\"https:\/\/tlap-sports.com\/en\/wochenplan-eines-nfl-spielers\/#primaryimage\"},\"thumbnailUrl\":\"https:\/\/tlap-sports.com\/en\/wp-content\/uploads\/sites\/3\/2022\/10\/T-LAP_LOGO_BLACK_RED_BIG_BLOG-1024x860.png\",\"datePublished\":\"2022-10-21T15:30:20+00:00\",\"dateModified\":\"2024-08-18T13:26:33+00:00\",\"description\":\"Du wolltest schon immer wissen, wie der Wochenplan eines NFL-Spielers aussieht? Hier ist der allgemeine \u00dcberblick \u00fcber den ein Jahr\",\"breadcrumb\":{\"@id\":\"https:\/\/tlap-sports.com\/en\/wochenplan-eines-nfl-spielers\/#breadcrumb\"},\"inLanguage\":\"en-US\",\"potentialAction\":[{\"@type\":\"ReadAction\",\"target\":[\"https:\/\/tlap-sports.com\/en\/wochenplan-eines-nfl-spielers\/\"]}]},{\"@type\":\"ImageObject\",\"inLanguage\":\"en-US\",\"@id\":\"https:\/\/tlap-sports.com\/en\/wochenplan-eines-nfl-spielers\/#primaryimage\",\"url\":\"https:\/\/tlap-sports.com\/en\/wp-content\/uploads\/sites\/3\/2022\/10\/T-LAP_LOGO_BLACK_RED_BIG_BLOG.png\",\"contentUrl\":\"https:\/\/tlap-sports.com\/en\/wp-content\/uploads\/sites\/3\/2022\/10\/T-LAP_LOGO_BLACK_RED_BIG_BLOG.png\",\"width\":2491,\"height\":2093,\"caption\":\"LOGO_Black_Red\"},{\"@type\":\"BreadcrumbList\",\"@id\":\"https:\/\/tlap-sports.com\/en\/wochenplan-eines-nfl-spielers\/#breadcrumb\",\"itemListElement\":[{\"@type\":\"ListItem\",\"position\":1,\"name\":\"Home\",\"item\":\"https:\/\/tlap-sports.com\/en\/\"},{\"@type\":\"ListItem\",\"position\":2,\"name\":\"Wochenplan eines NFL Spielers\"}]},{\"@type\":\"WebSite\",\"@id\":\"https:\/\/tlap-sports.com\/en\/#website\",\"url\":\"https:\/\/tlap-sports.com\/en\/\",\"name\":\"TLAP Sports english\",\"description\":\"Train like a pro no matter what background and resources you have\",\"publisher\":{\"@id\":\"https:\/\/tlap-sports.com\/en\/#organization\"},\"potentialAction\":[{\"@type\":\"SearchAction\",\"target\":{\"@type\":\"EntryPoint\",\"urlTemplate\":\"https:\/\/tlap-sports.com\/en\/?s={search_term_string}\"},\"query-input\":{\"@type\":\"PropertyValueSpecification\",\"valueRequired\":true,\"valueName\":\"search_term_string\"}}],\"inLanguage\":\"en-US\"},{\"@type\":\"Organization\",\"@id\":\"https:\/\/tlap-sports.com\/en\/#organization\",\"name\":\"TLAP Sports english\",\"url\":\"https:\/\/tlap-sports.com\/en\/\",\"logo\":{\"@type\":\"ImageObject\",\"inLanguage\":\"en-US\",\"@id\":\"https:\/\/tlap-sports.com\/en\/#\/schema\/logo\/image\/\",\"url\":\"https:\/\/tlap-sports.com\/en\/wp-content\/uploads\/sites\/3\/2025\/09\/cropped-logo-tlap-sports-white-red.png\",\"contentUrl\":\"https:\/\/tlap-sports.com\/en\/wp-content\/uploads\/sites\/3\/2025\/09\/cropped-logo-tlap-sports-white-red.png\",\"width\":\"1331\",\"height\":\"1420\",\"caption\":\"TLAP Sports english\"},\"image\":{\"@id\":\"https:\/\/tlap-sports.com\/en\/#\/schema\/logo\/image\/\"}}]}<\/script>\n<!-- \/ Yoast SEO plugin. -->","yoast_head_json":{"title":"Wochenplan eines NFL Spielers - TLAP Sports english","description":"Du wolltest schon immer wissen, wie der Wochenplan eines NFL-Spielers aussieht? Hier ist der allgemeine \u00dcberblick \u00fcber den ein Jahr","robots":{"index":"index","follow":"follow","max-snippet":"max-snippet:-1","max-image-preview":"max-image-preview:large","max-video-preview":"max-video-preview:-1"},"canonical":"https:\/\/tlap-sports.com\/en\/wochenplan-eines-nfl-spielers\/","og_locale":"en_US","og_type":"article","og_title":"Wochenplan eines NFL Spielers - TLAP Sports english","og_description":"Du wolltest schon immer wissen, wie der Wochenplan eines NFL-Spielers aussieht? Hier ist der allgemeine \u00dcberblick \u00fcber den ein Jahr","og_url":"https:\/\/tlap-sports.com\/en\/wochenplan-eines-nfl-spielers\/","og_site_name":"TLAP Sports english","article_modified_time":"2024-08-18T13:26:33+00:00","og_image":[{"url":"https:\/\/tlap-sports.com\/en\/wp-content\/uploads\/sites\/3\/2022\/10\/T-LAP_LOGO_BLACK_RED_BIG_BLOG-1024x860.png","type":"","width":"","height":""}],"twitter_card":"summary_large_image","twitter_misc":{"Est. reading time":"4 minutes"},"schema":{"@context":"https:\/\/schema.org","@graph":[{"@type":"WebPage","@id":"https:\/\/tlap-sports.com\/en\/wochenplan-eines-nfl-spielers\/","url":"https:\/\/tlap-sports.com\/en\/wochenplan-eines-nfl-spielers\/","name":"Wochenplan eines NFL Spielers - TLAP Sports english","isPartOf":{"@id":"https:\/\/tlap-sports.com\/en\/#website"},"primaryImageOfPage":{"@id":"https:\/\/tlap-sports.com\/en\/wochenplan-eines-nfl-spielers\/#primaryimage"},"image":{"@id":"https:\/\/tlap-sports.com\/en\/wochenplan-eines-nfl-spielers\/#primaryimage"},"thumbnailUrl":"https:\/\/tlap-sports.com\/en\/wp-content\/uploads\/sites\/3\/2022\/10\/T-LAP_LOGO_BLACK_RED_BIG_BLOG-1024x860.png","datePublished":"2022-10-21T15:30:20+00:00","dateModified":"2024-08-18T13:26:33+00:00","description":"Du wolltest schon immer wissen, wie der Wochenplan eines NFL-Spielers aussieht? Hier ist der allgemeine \u00dcberblick \u00fcber den ein Jahr","breadcrumb":{"@id":"https:\/\/tlap-sports.com\/en\/wochenplan-eines-nfl-spielers\/#breadcrumb"},"inLanguage":"en-US","potentialAction":[{"@type":"ReadAction","target":["https:\/\/tlap-sports.com\/en\/wochenplan-eines-nfl-spielers\/"]}]},{"@type":"ImageObject","inLanguage":"en-US","@id":"https:\/\/tlap-sports.com\/en\/wochenplan-eines-nfl-spielers\/#primaryimage","url":"https:\/\/tlap-sports.com\/en\/wp-content\/uploads\/sites\/3\/2022\/10\/T-LAP_LOGO_BLACK_RED_BIG_BLOG.png","contentUrl":"https:\/\/tlap-sports.com\/en\/wp-content\/uploads\/sites\/3\/2022\/10\/T-LAP_LOGO_BLACK_RED_BIG_BLOG.png","width":2491,"height":2093,"caption":"LOGO_Black_Red"},{"@type":"BreadcrumbList","@id":"https:\/\/tlap-sports.com\/en\/wochenplan-eines-nfl-spielers\/#breadcrumb","itemListElement":[{"@type":"ListItem","position":1,"name":"Home","item":"https:\/\/tlap-sports.com\/en\/"},{"@type":"ListItem","position":2,"name":"Wochenplan eines NFL Spielers"}]},{"@type":"WebSite","@id":"https:\/\/tlap-sports.com\/en\/#website","url":"https:\/\/tlap-sports.com\/en\/","name":"TLAP Sports english","description":"Train like a pro no matter what background and resources you have","publisher":{"@id":"https:\/\/tlap-sports.com\/en\/#organization"},"potentialAction":[{"@type":"SearchAction","target":{"@type":"EntryPoint","urlTemplate":"https:\/\/tlap-sports.com\/en\/?s={search_term_string}"},"query-input":{"@type":"PropertyValueSpecification","valueRequired":true,"valueName":"search_term_string"}}],"inLanguage":"en-US"},{"@type":"Organization","@id":"https:\/\/tlap-sports.com\/en\/#organization","name":"TLAP Sports english","url":"https:\/\/tlap-sports.com\/en\/","logo":{"@type":"ImageObject","inLanguage":"en-US","@id":"https:\/\/tlap-sports.com\/en\/#\/schema\/logo\/image\/","url":"https:\/\/tlap-sports.com\/en\/wp-content\/uploads\/sites\/3\/2025\/09\/cropped-logo-tlap-sports-white-red.png","contentUrl":"https:\/\/tlap-sports.com\/en\/wp-content\/uploads\/sites\/3\/2025\/09\/cropped-logo-tlap-sports-white-red.png","width":"1331","height":"1420","caption":"TLAP Sports english"},"image":{"@id":"https:\/\/tlap-sports.com\/en\/#\/schema\/logo\/image\/"}}]}},"_links":{"self":[{"href":"https:\/\/tlap-sports.com\/en\/wp-json\/wp\/v2\/pages\/5674","targetHints":{"allow":["GET"]}}],"collection":[{"href":"https:\/\/tlap-sports.com\/en\/wp-json\/wp\/v2\/pages"}],"about":[{"href":"https:\/\/tlap-sports.com\/en\/wp-json\/wp\/v2\/types\/page"}],"author":[{"embeddable":true,"href":"https:\/\/tlap-sports.com\/en\/wp-json\/wp\/v2\/users\/1"}],"replies":[{"embeddable":true,"href":"https:\/\/tlap-sports.com\/en\/wp-json\/wp\/v2\/comments?post=5674"}],"version-history":[{"count":20,"href":"https:\/\/tlap-sports.com\/en\/wp-json\/wp\/v2\/pages\/5674\/revisions"}],"predecessor-version":[{"id":7932,"href":"https:\/\/tlap-sports.com\/en\/wp-json\/wp\/v2\/pages\/5674\/revisions\/7932"}],"wp:attachment":[{"href":"https:\/\/tlap-sports.com\/en\/wp-json\/wp\/v2\/media?parent=5674"}],"curies":[{"name":"wp","href":"https:\/\/api.w.org\/{rel}","templated":true}]}}